{"id":8,"date":"2017-01-06T12:26:53","date_gmt":"2017-01-06T11:26:53","guid":{"rendered":"http:\/\/localhost\/ksr\/?page_id=8"},"modified":"2024-07-18T14:09:27","modified_gmt":"2024-07-18T12:09:27","slug":"veranstaltungen-und-maerkte","status":"publish","type":"page","link":"https:\/\/www.keramiksymposium-roemhild.de\/ksr\/veranstaltungen-und-maerkte\/","title":{"rendered":"Die Ausstellungen"},"content":{"rendered":"<p>\u00dcber die Zeit hat sich in R\u00f6mhild eine beeindruckende, f\u00fcr jedermann zug\u00e4ngliche Keramikausstellung entwickelt.<br \/>Pr\u00e4sentiert werden Werke von Teilnehmern der letzten Internationalen Keramiksymposien, die 2008, 2011, 2015, 2018 und 2022 in R\u00f6mhild auf Schloss Gl\u00fccksburg stattfanden.<br \/>Der F\u00f6rderverein &#8222;Internationales Keramiksymposium R\u00f6mhild&#8220; e. V. gestaltet momentan nicht mehr genutzte Schaufenster in der Stadt R\u00f6mhild zu einer jeweils einem K\u00fcnstler gewidmeten kleinen Ausstellung um.<\/p>\n<p>Des Weiteren werden an \u00f6ffentlichen Pl\u00e4tzen, wie dem neu gestalteten Viehmarkt in R\u00f6mhild, Kunstwerke verschiedener K\u00fcnstler, z.B. im Waagh\u00e4uschen oder der Schauvitrine pr\u00e4sentiert.<\/p>\n<p><img loading=\"lazy\" decoding=\"async\" class=\"size-large wp-image-1165 aligncenter\" src=\"https:\/\/www.keramiksymposium-roemhild.de\/ksr\/wp-content\/uploads\/2103-Plakat.jpg\" alt=\"\" width=\"562\" height=\"795\" srcset=\"https:\/\/www.keramiksymposium-roemhild.de\/ksr\/wp-content\/uploads\/2103-Plakat.jpg 562w, https:\/\/www.keramiksymposium-roemhild.de\/ksr\/wp-content\/uploads\/2103-Plakat-212x300.jpg 212w, https:\/\/www.keramiksymposium-roemhild.de\/ksr\/wp-content\/uploads\/2103-Plakat-314x444.jpg 314w\" sizes=\"auto, (max-width: 562px) 100vw, 562px\" \/><\/p>\n\n\n<figure class=\"wp-block-image size-large\"><img loading=\"lazy\" decoding=\"async\" width=\"768\" height=\"1024\" src=\"https:\/\/www.keramiksymposium-roemhild.de\/ksr\/wp-content\/uploads\/IMG-20240711-WA0012-768x1024.jpg\" alt=\"\" class=\"wp-image-1388\" srcset=\"https:\/\/www.keramiksymposium-roemhild.de\/ksr\/wp-content\/uploads\/IMG-20240711-WA0012-768x1024.jpg 768w, https:\/\/www.keramiksymposium-roemhild.de\/ksr\/wp-content\/uploads\/IMG-20240711-WA0012-225x300.jpg 225w, https:\/\/www.keramiksymposium-roemhild.de\/ksr\/wp-content\/uploads\/IMG-20240711-WA0012-1152x1536.jpg 1152w, https:\/\/www.keramiksymposium-roemhild.de\/ksr\/wp-content\/uploads\/IMG-20240711-WA0012-618x824.jpg 618w, https:\/\/www.keramiksymposium-roemhild.de\/ksr\/wp-content\/uploads\/IMG-20240711-WA0012-333x444.jpg 333w, https:\/\/www.keramiksymposium-roemhild.de\/ksr\/wp-content\/uploads\/IMG-20240711-WA0012.jpg 1500w\" sizes=\"auto, (max-width: 768px) 100vw, 768px\" \/><figcaption class=\"wp-element-caption\">Schauvitrine auf dem Viehmarkt<\/figcaption><\/figure>\n","protected":false},"excerpt":{"rendered":"<p>\u00dcber die Zeit hat sich in R\u00f6mhild eine beeindruckende, f\u00fcr jedermann zug\u00e4ngliche Keramikausstellung entwickelt.Pr\u00e4sentiert werden Werke von Teilnehmern der letzten Internationalen Keramiksymposien, die 2008, 2011, 2015, 2018 und 2022 in R\u00f6mhild auf Schloss Gl\u00fccksburg stattfanden.Der F\u00f6rderverein &#8222;Internationales Keramiksymposium R\u00f6mhild&#8220; e. V. gestaltet momentan nicht mehr genutzte Schaufenster in der Stadt R\u00f6mhild zu einer jeweils einem [&hellip;]<\/p>\n","protected":false},"author":4,"featured_media":0,"parent":0,"menu_order":0,"comment_status":"closed","ping_status":"closed","template":"","meta":{"footnotes":""},"class_list":["post-8","page","type-page","status-publish","hentry"],"jetpack_sharing_enabled":true,"_links":{"self":[{"href":"https:\/\/www.keramiksymposium-roemhild.de\/ksr\/wp-json\/wp\/v2\/pages\/8","targetHints":{"allow":["GET"]}}],"collection":[{"href":"https:\/\/www.keramiksymposium-roemhild.de\/ksr\/wp-json\/wp\/v2\/pages"}],"about":[{"href":"https:\/\/www.keramiksymposium-roemhild.de\/ksr\/wp-json\/wp\/v2\/types\/page"}],"author":[{"embeddable":true,"href":"https:\/\/www.keramiksymposium-roemhild.de\/ksr\/wp-json\/wp\/v2\/users\/4"}],"replies":[{"embeddable":true,"href":"https:\/\/www.keramiksymposium-roemhild.de\/ksr\/wp-json\/wp\/v2\/comments?post=8"}],"version-history":[{"count":32,"href":"https:\/\/www.keramiksymposium-roemhild.de\/ksr\/wp-json\/wp\/v2\/pages\/8\/revisions"}],"predecessor-version":[{"id":1412,"href":"https:\/\/www.keramiksymposium-roemhild.de\/ksr\/wp-json\/wp\/v2\/pages\/8\/revisions\/1412"}],"wp:attachment":[{"href":"https:\/\/www.keramiksymposium-roemhild.de\/ksr\/wp-json\/wp\/v2\/media?parent=8"}],"curies":[{"name":"wp","href":"https:\/\/api.w.org\/{rel}","templated":true}]}}