{"id":798,"date":"2019-04-30T13:47:10","date_gmt":"2019-04-30T11:47:10","guid":{"rendered":"https:\/\/www.keramiksymposium-roemhild.de\/ksr\/?page_id=798"},"modified":"2021-11-29T07:42:15","modified_gmt":"2021-11-29T06:42:15","slug":"2018-werksausstellung-zum-xi-internationalen-keramiksymposium","status":"publish","type":"page","link":"https:\/\/www.keramiksymposium-roemhild.de\/ksr\/2018-werksausstellung-zum-xi-internationalen-keramiksymposium\/","title":{"rendered":"2018 Werksausstellung im Atelier Schloss Gl\u00fccksburg R\u00f6mhild"},"content":{"rendered":"\n<p>Zum Ende des XI. Internationalen Keramiksymposiums R\u00f6mhild wurde die Arbeitsst\u00e4tte der acht K\u00fcnstler zur Ausstellungsfl\u00e4che f\u00fcr die w\u00e4hrend des Symposiums entstandenen Werke. F\u00fcr ca. sechs Wochen konnte man die Werke im Atelier bestaunen.<br>Nachfolgend einige Impressionen:<\/p>\n\n\n\n<figure class=\"wp-block-image is-resized\"><img decoding=\"async\" src=\"https:\/\/www.keramiksymposium-roemhild.de\/ksr\/wp-content\/uploads\/IMG_1870-640x480.jpg\" alt=\"\" class=\"wp-image-826\" width=\"555\"\/><\/figure>\n\n\n\n<p><\/p>\n\n\n\n<figure class=\"wp-block-image is-resized\"><img decoding=\"async\" src=\"https:\/\/www.keramiksymposium-roemhild.de\/ksr\/wp-content\/uploads\/IMG_1878-640x480.jpg\" alt=\"\" class=\"wp-image-859\" width=\"555\" srcset=\"https:\/\/www.keramiksymposium-roemhild.de\/ksr\/wp-content\/uploads\/IMG_1878-640x480.jpg 640w, https:\/\/www.keramiksymposium-roemhild.de\/ksr\/wp-content\/uploads\/IMG_1878-640x480-300x225.jpg 300w, https:\/\/www.keramiksymposium-roemhild.de\/ksr\/wp-content\/uploads\/IMG_1878-640x480-618x464.jpg 618w, https:\/\/www.keramiksymposium-roemhild.de\/ksr\/wp-content\/uploads\/IMG_1878-640x480-138x104.jpg 138w, https:\/\/www.keramiksymposium-roemhild.de\/ksr\/wp-content\/uploads\/IMG_1878-640x480-444x333.jpg 444w\" sizes=\"(max-width: 640px) 100vw, 640px\" \/><\/figure>\n\n\n\n<figure class=\"wp-block-image is-resized\"><img decoding=\"async\" src=\"https:\/\/www.keramiksymposium-roemhild.de\/ksr\/wp-content\/uploads\/IMG_1880-640x480.jpg\" alt=\"\" class=\"wp-image-861\" width=\"555\" srcset=\"https:\/\/www.keramiksymposium-roemhild.de\/ksr\/wp-content\/uploads\/IMG_1880-640x480.jpg 640w, https:\/\/www.keramiksymposium-roemhild.de\/ksr\/wp-content\/uploads\/IMG_1880-640x480-300x225.jpg 300w, https:\/\/www.keramiksymposium-roemhild.de\/ksr\/wp-content\/uploads\/IMG_1880-640x480-618x464.jpg 618w, https:\/\/www.keramiksymposium-roemhild.de\/ksr\/wp-content\/uploads\/IMG_1880-640x480-138x104.jpg 138w, https:\/\/www.keramiksymposium-roemhild.de\/ksr\/wp-content\/uploads\/IMG_1880-640x480-444x333.jpg 444w\" sizes=\"(max-width: 640px) 100vw, 640px\" \/><\/figure>\n\n\n\n<figure class=\"wp-block-image\"><img loading=\"lazy\" decoding=\"async\" width=\"640\" height=\"480\" src=\"https:\/\/www.keramiksymposium-roemhild.de\/ksr\/wp-content\/uploads\/IMG_1871-640x480-1.jpg\" alt=\"\" class=\"wp-image-863\" srcset=\"https:\/\/www.keramiksymposium-roemhild.de\/ksr\/wp-content\/uploads\/IMG_1871-640x480-1.jpg 640w, https:\/\/www.keramiksymposium-roemhild.de\/ksr\/wp-content\/uploads\/IMG_1871-640x480-1-300x225.jpg 300w, https:\/\/www.keramiksymposium-roemhild.de\/ksr\/wp-content\/uploads\/IMG_1871-640x480-1-618x464.jpg 618w, https:\/\/www.keramiksymposium-roemhild.de\/ksr\/wp-content\/uploads\/IMG_1871-640x480-1-138x104.jpg 138w, https:\/\/www.keramiksymposium-roemhild.de\/ksr\/wp-content\/uploads\/IMG_1871-640x480-1-444x333.jpg 444w\" sizes=\"auto, (max-width: 640px) 100vw, 640px\" \/><\/figure>\n\n\n\n<figure class=\"wp-block-image is-resized\"><img decoding=\"async\" src=\"https:\/\/www.keramiksymposium-roemhild.de\/ksr\/wp-content\/uploads\/IMG_1875-1-1024x768.jpg\" alt=\"\" class=\"wp-image-867\" width=\"555\" srcset=\"https:\/\/www.keramiksymposium-roemhild.de\/ksr\/wp-content\/uploads\/IMG_1875-1-1024x768.jpg 1024w, https:\/\/www.keramiksymposium-roemhild.de\/ksr\/wp-content\/uploads\/IMG_1875-1-300x225.jpg 300w, https:\/\/www.keramiksymposium-roemhild.de\/ksr\/wp-content\/uploads\/IMG_1875-1-768x576.jpg 768w, https:\/\/www.keramiksymposium-roemhild.de\/ksr\/wp-content\/uploads\/IMG_1875-1-1365x1024.jpg 1365w, https:\/\/www.keramiksymposium-roemhild.de\/ksr\/wp-content\/uploads\/IMG_1875-1-618x464.jpg 618w, https:\/\/www.keramiksymposium-roemhild.de\/ksr\/wp-content\/uploads\/IMG_1875-1-138x104.jpg 138w, https:\/\/www.keramiksymposium-roemhild.de\/ksr\/wp-content\/uploads\/IMG_1875-1-444x333.jpg 444w\" sizes=\"(max-width: 1024px) 100vw, 1024px\" \/><\/figure>\n\n\n\n<figure class=\"wp-block-image is-resized\"><img decoding=\"async\" src=\"https:\/\/www.keramiksymposium-roemhild.de\/ksr\/wp-content\/uploads\/IMG_1885-1-768x1024.jpg\" alt=\"\" class=\"wp-image-871\" width=\"555\" srcset=\"https:\/\/www.keramiksymposium-roemhild.de\/ksr\/wp-content\/uploads\/IMG_1885-1-768x1024.jpg 768w, https:\/\/www.keramiksymposium-roemhild.de\/ksr\/wp-content\/uploads\/IMG_1885-1-225x300.jpg 225w, https:\/\/www.keramiksymposium-roemhild.de\/ksr\/wp-content\/uploads\/IMG_1885-1-618x824.jpg 618w, https:\/\/www.keramiksymposium-roemhild.de\/ksr\/wp-content\/uploads\/IMG_1885-1-333x444.jpg 333w\" sizes=\"(max-width: 768px) 100vw, 768px\" \/><\/figure>\n\n\n\n<figure class=\"wp-block-image is-resized\"><img decoding=\"async\" src=\"https:\/\/www.keramiksymposium-roemhild.de\/ksr\/wp-content\/uploads\/IMG_1886-1-768x1024.jpg\" alt=\"\" class=\"wp-image-873\" width=\"555\" srcset=\"https:\/\/www.keramiksymposium-roemhild.de\/ksr\/wp-content\/uploads\/IMG_1886-1-768x1024.jpg 768w, https:\/\/www.keramiksymposium-roemhild.de\/ksr\/wp-content\/uploads\/IMG_1886-1-225x300.jpg 225w, https:\/\/www.keramiksymposium-roemhild.de\/ksr\/wp-content\/uploads\/IMG_1886-1-618x824.jpg 618w, https:\/\/www.keramiksymposium-roemhild.de\/ksr\/wp-content\/uploads\/IMG_1886-1-333x444.jpg 333w\" sizes=\"(max-width: 768px) 100vw, 768px\" \/><\/figure>\n\n\n\n<figure class=\"wp-block-image is-resized\"><img decoding=\"async\" src=\"https:\/\/www.keramiksymposium-roemhild.de\/ksr\/wp-content\/uploads\/IMG_1888-480x640.jpg\" alt=\"\" class=\"wp-image-876\" width=\"555\" srcset=\"https:\/\/www.keramiksymposium-roemhild.de\/ksr\/wp-content\/uploads\/IMG_1888-480x640.jpg 480w, https:\/\/www.keramiksymposium-roemhild.de\/ksr\/wp-content\/uploads\/IMG_1888-480x640-225x300.jpg 225w, https:\/\/www.keramiksymposium-roemhild.de\/ksr\/wp-content\/uploads\/IMG_1888-480x640-333x444.jpg 333w\" sizes=\"(max-width: 480px) 100vw, 480px\" \/><\/figure>\n\n\n\n<p>Quelle aller Bilder: Verein<\/p>\n","protected":false},"excerpt":{"rendered":"<p>Zum Ende des XI. Internationalen Keramiksymposiums R\u00f6mhild wurde die Arbeitsst\u00e4tte der acht K\u00fcnstler zur Ausstellungsfl\u00e4che f\u00fcr die w\u00e4hrend des Symposiums entstandenen Werke. F\u00fcr ca. sechs Wochen konnte man die Werke im Atelier bestaunen.Nachfolgend einige Impressionen: Quelle aller Bilder: Verein<\/p>\n","protected":false},"author":4,"featured_media":0,"parent":0,"menu_order":0,"comment_status":"closed","ping_status":"closed","template":"","meta":{"footnotes":""},"class_list":["post-798","page","type-page","status-publish","hentry"],"jetpack_sharing_enabled":true,"_links":{"self":[{"href":"https:\/\/www.keramiksymposium-roemhild.de\/ksr\/wp-json\/wp\/v2\/pages\/798","targetHints":{"allow":["GET"]}}],"collection":[{"href":"https:\/\/www.keramiksymposium-roemhild.de\/ksr\/wp-json\/wp\/v2\/pages"}],"about":[{"href":"https:\/\/www.keramiksymposium-roemhild.de\/ksr\/wp-json\/wp\/v2\/types\/page"}],"author":[{"embeddable":true,"href":"https:\/\/www.keramiksymposium-roemhild.de\/ksr\/wp-json\/wp\/v2\/users\/4"}],"replies":[{"embeddable":true,"href":"https:\/\/www.keramiksymposium-roemhild.de\/ksr\/wp-json\/wp\/v2\/comments?post=798"}],"version-history":[{"count":37,"href":"https:\/\/www.keramiksymposium-roemhild.de\/ksr\/wp-json\/wp\/v2\/pages\/798\/revisions"}],"predecessor-version":[{"id":1281,"href":"https:\/\/www.keramiksymposium-roemhild.de\/ksr\/wp-json\/wp\/v2\/pages\/798\/revisions\/1281"}],"wp:attachment":[{"href":"https:\/\/www.keramiksymposium-roemhild.de\/ksr\/wp-json\/wp\/v2\/media?parent=798"}],"curies":[{"name":"wp","href":"https:\/\/api.w.org\/{rel}","templated":true}]}}