{"id":734,"date":"2019-03-28T11:56:17","date_gmt":"2019-03-28T10:56:17","guid":{"rendered":"https:\/\/www.keramiksymposium-roemhild.de\/ksr\/?page_id=734"},"modified":"2025-02-19T12:15:55","modified_gmt":"2025-02-19T11:15:55","slug":"symposium-2021","status":"publish","type":"page","link":"https:\/\/www.keramiksymposium-roemhild.de\/ksr\/die-symposien\/symposium-2021\/","title":{"rendered":"XII. Symposium 2022"},"content":{"rendered":"<p><span style=\"color: #81ab02;\">R\u00f6mhild, im Juli.2022<br><\/span><strong>Veranstaltungsplan:<\/strong><\/p>\n<ul>\n<li>31.07.2022 Anreisetag K\u00fcnstler, 19 Uhr Begr\u00fc\u00dfungsdinner im Hotel &#8222;Waldhaus&#8220; in R\u00f6mhild,<\/li>\n<li>01.08.2022 Kennenlernen der \u00f6rtlichen Gegebenheiten u. a. Atelier, Arbeitspl\u00e4tze,<\/li>\n<li>02.08.2022 14 Uhr, offizielle Er\u00f6ffnung des XII. Internationalen Keramiksymposiums R\u00f6mhild im Plenarsaal auf Schloss &#8222;Gl\u00fccksburg&#8220;,<\/li>\n<li>03.\/04.08.2022 Besuch der Firma Keramik-Kraft in Diepersdorf bei N\u00fcrnberg,<\/li>\n<li>06.\/07.08.2022, jeweils ab 18 Uhr, \u00f6ffentliche Vorstellung der Symposiumsteilnehmer im Atelier auf Schloss &#8222;Gl\u00fccksburg&#8220;,<\/li>\n<li>13.08.2022 10 Uhr, Ehemaligen-Treffen auf Schloss &#8222;Gl\u00fccksburg&#8220;, Treffen ehemaliger Symposiumsteilnehmer, beginnend mit dem I. Symposium 1975,<\/li>\n<li>14.08.2022 Tag des offenen Ateliers auf Schloss &#8222;Gl\u00fccksburg&#8220;,<\/li>\n<li><a href=\"https:\/\/www.keramiksymposium-roemhild.de\/ksr\/?page_id=580\"><strong>20.08. bis 21.08.2022 &#8211; 14. Th\u00fcringer Keramikmarkt<\/strong><\/a><\/li>\n<li>26.08.2022 19 Uhr, Abschlussveranstaltung des XII. Internationalen Keramiksymposiums R\u00f6mhild im Atelier auf Schloss &#8222;Gl\u00fccksburg&#8220;,<\/li>\n<li>ab 27.08.2022 Abreise der K\u00fcnstler.<\/li>\n<\/ul>\n<p>Zur Vorstellung der Region sind weitere Veranstaltungen f\u00fcr die K\u00fcnstler geplant.<\/p>\n<p><span style=\"color: #779e00;\">R\u00f6mhild, im Februar 2022<br><strong><span style=\"color: #000000;\">Folgende K\u00fcnstler haben ihre Teilnahme zugesagt:<\/span><\/strong><br><\/span><\/p>\n<ul>\n<li>Stephanie Roos aus Deutschland<\/li>\n<li>Michaela Biet aus Deutschlan<\/li>\n<li>Dora Varkonyi aus Ungarn<\/li>\n<li>Hermann Gr\u00fcneberg aus Deutschland<\/li>\n<li>Yuriy Musatow aus der Ukraine<\/li>\n<li>Ping Qui aus China<\/li>\n<li>Song Zhifeng aus China<\/li>\n<li>Lim Sunbin aus S\u00fcdkorea<\/li>\n<\/ul>\n<p><strong>Technischer Leiter:<\/strong> Joachim Lambrecht<br><strong>Kuratorin: <\/strong>Dr. Ruth Heftrig<\/p>\n<p><span style=\"color: #81ab02;\">R\u00f6mhild, 25.11.2021<\/span><br><strong>Aktuelle Informationen zur Vorbereitung des XII. Internationalen Keramiksymposium R\u00f6mhild 2022<\/strong><\/p>\n<p>Am 25.11.2022 traf sich, wie geplant, die internationale Jury zur Auswahl der K\u00fcnstler*innen f\u00fcr das XII. Internationale Keramiksymposium 2022 in der Herzog Bernhard-Schule R\u00f6mhild.<\/p>\n<p>Von ca. 70 Bewerbern aus der gesamten Welt, wurden acht K\u00fcnstler*innen f\u00fcr die Teilnahme am XII. Internationalen Keramiksymposium 2022 in R\u00f6mhild ausgew\u00e4hlt.<\/p>\n<p>Die Jury entschied sich f\u00fcr:<\/p>\n<ul>\n<li>Stephanie Roos aus Deutschland<\/li>\n<li>Michaela Biet aus Deutschland<\/li>\n<li>Dora Varkonyi aus Ungarn<\/li>\n<li>Alberto Bustos aus Spanien<\/li>\n<li>Yuriy Musatow aus der Ukraine<\/li>\n<li>Ping Qui aus China<\/li>\n<li>Song Zhifeng aus China<\/li>\n<li>Lim Sunbin aus S\u00fcdkorea<\/li>\n<\/ul>\n<p>Diese acht K\u00fcnstler*innen werden in den n\u00e4chsten Tagen \u00fcber den Entscheid der Jury zur Teilnahme am XII. Internationalen Keramiksymposium in R\u00f6mhild 2022 informiert.<\/p>\n<p>In der Zeit vom 31.7. bis 28.08.2022 hoffen wir, alle acht K\u00fcnstler, als G\u00e4ste in der Stadt R\u00f6mhild begr\u00fc\u00dfen zu d\u00fcrfen.<\/p>\n<p>Bereits vor der Auswahl der K\u00fcnstler*innen konnten wir unseren Landrat, Herrn Thomas M\u00fcller, als Schirmherren f\u00fcr das geplante Symposium gewinnen.<\/p>\n<p>Als technischer Leiter wird Herr Joachim Lambrecht, ehemaliger Teilnehmer am Symposium 2018, fungieren.<\/p>\n<p>Das XII. Internationale Keramiksymposium R\u00f6mhild wird von Frau Dr. Ruth Heftrig als Kuratorin begleitet.<\/p>\n<p>Michael Knie<br>1.Vorstand F\u00f6rderverein Internationales Keramiksymposium R\u00f6mhild e.V.<\/p>\n<figure class=\"wp-block-image\"><img decoding=\"async\" src=\"https:\/\/www.keramiksymposium-roemhild.de\/ksr\/wp-content\/uploads\/18-Holzofen.jpg\" alt=\"Dieses Bild hat ein leeres Alt-Attribut. Der Dateiname ist 18-Holzofen.jpg\"><figcaption>Symposium 2018, Quelle: Verein<\/figcaption><\/figure>\n<p><span style=\"color: #81ab02;\">R\u00f6mhild, November 2020<\/span><br>Das XII. Internationale Keramiksymposium R\u00f6mhild <strong>\u201eDie Kraft der Kunst\u201c <\/strong>findet vom <strong>31.07. bis zum 28.08.2022<\/strong> auf Schloss Gl\u00fccksburg statt. <br>Als technischer Leiter wird der Teilnehmer des letzten Symposiums, der Bildhauer und Keramiker Joachim Lambrecht aus Deutschland fungieren.<\/p>\n<p>Der Bewerbungsschluss f\u00fcr interessierte K\u00fcnstlerinnen und K\u00fcnstler ist der 30.09.2021.<\/p>\n<div class=\"wp-block-file\"><a href=\"https:\/\/www.keramiksymposium-roemhild.de\/ksr\/wp-content\/uploads\/Ausschreibung-Symposium-2022_deu.docx\">Ausschreibung Symposium 2022_deu<\/a><a class=\"wp-block-file__button\" href=\"https:\/\/www.keramiksymposium-roemhild.de\/ksr\/wp-content\/uploads\/Ausschreibung-Symposium-2022_deu.docx\" download=\"\">Herunterladen<\/a><\/div>\n<div class=\"wp-block-file\"><a href=\"https:\/\/www.keramiksymposium-roemhild.de\/ksr\/wp-content\/uploads\/Ausschreibung-Symposium-2022_eng-GB.docx\">Ausschreibung Symposium 2022_eng-GB<\/a><a class=\"wp-block-file__button\" href=\"https:\/\/www.keramiksymposium-roemhild.de\/ksr\/wp-content\/uploads\/Ausschreibung-Symposium-2022_eng-GB.docx\" download=\"\">Herunterladen<\/a><\/div>\n<div class=\"wp-block-file\"><a href=\"https:\/\/www.keramiksymposium-roemhild.de\/ksr\/wp-content\/uploads\/Ausschreibung-Symposium-2022-FR.docx\">Ausschreibung Symposium 2022-FR<\/a><a class=\"wp-block-file__button\" href=\"https:\/\/www.keramiksymposium-roemhild.de\/ksr\/wp-content\/uploads\/Ausschreibung-Symposium-2022-FR.docx\" download=\"\">Herunterladen<\/a><\/div>\n<p>Die Jury zur Auswahl der K\u00fcnstler wird am 25. und 26.11.2021 tagen.<br>Die Jurymitglieder sind:<\/p>\n<ul>\n<li>Frau Dr. Renate Luckner-Bien, Renate (Deutschland, Halle\/Saale, freiberufliche Publizistin und Kuratorin)<\/li>\n<li>Frau Kerstin Schneider, Kerstin (Deutschland, R\u00f6mhild, Leiterin St\u00e4dtisches Museum Schloss Gl\u00fccksburg R\u00f6mhild)<\/li>\n<li>Herr Gernot Fritsche (Deutschland, Suhl, selbst\u00e4ndiger Keramiker und Mitglied der T\u00f6pferinnung Th\u00fcringen)<\/li>\n<li>Herr Semih Kaplan (T\u00fcrkei, Eskisehir, freischaffender K\u00fcnstler und Dozent an der Anadolu Universit\u00e4t, Fakult\u00e4t der Sch\u00f6nen K\u00fcnste)<\/li>\n<li>Herr Marc Leuthold (USA, New York, Keramiker, Professor f\u00fcr Kunst an der State University of New York)<\/li>\n<li>Herr Johannes Nagel (Deutschland, Halle\/Saale, freischaffender K\u00fcnstler)<\/li>\n<li>Herr Bernd Pfannkuche (Deutschland, H\u00f6hr-Grenzhausen, Herausgeber Verlag \u201eNeue Keramik\u201c)<\/li>\n<li>Frau Dr. Ruth Heftrig (Deutschland, Halle\/Saale, Sichtwechsel \u2013 Agentur f\u00fcr Kunst und Kulturgeschichte, beauftragte Kuratorin f\u00fcr das XII. Internationale Keramiksymposium R\u00f6mhild)<\/li>\n<\/ul>\n<p>Bis zum 31.12.2021 werden die ausgew\u00e4hlten K\u00fcnstlerinnen und K\u00fcnstler vom Verein informiert und haben bis zum 31.01.2022 Zeit, die unterzeichneten Vertr\u00e4ge an den Verein zur\u00fcckzusenden.<\/p>\n\n\n<p><\/p>\n","protected":false},"excerpt":{"rendered":"<p>R\u00f6mhild, im Juli.2022Veranstaltungsplan: 31.07.2022 Anreisetag K\u00fcnstler, 19 Uhr Begr\u00fc\u00dfungsdinner im Hotel &#8222;Waldhaus&#8220; in R\u00f6mhild, 01.08.2022 Kennenlernen der \u00f6rtlichen Gegebenheiten u. a. Atelier, Arbeitspl\u00e4tze, 02.08.2022 14 Uhr, offizielle Er\u00f6ffnung des XII. Internationalen Keramiksymposiums R\u00f6mhild im Plenarsaal auf Schloss &#8222;Gl\u00fccksburg&#8220;, 03.\/04.08.2022 Besuch der Firma Keramik-Kraft in Diepersdorf bei N\u00fcrnberg, 06.\/07.08.2022, jeweils ab 18 Uhr, \u00f6ffentliche Vorstellung der [&hellip;]<\/p>\n","protected":false},"author":4,"featured_media":0,"parent":48,"menu_order":2,"comment_status":"closed","ping_status":"closed","template":"","meta":{"footnotes":""},"class_list":["post-734","page","type-page","status-publish","hentry"],"jetpack_sharing_enabled":true,"_links":{"self":[{"href":"https:\/\/www.keramiksymposium-roemhild.de\/ksr\/wp-json\/wp\/v2\/pages\/734","targetHints":{"allow":["GET"]}}],"collection":[{"href":"https:\/\/www.keramiksymposium-roemhild.de\/ksr\/wp-json\/wp\/v2\/pages"}],"about":[{"href":"https:\/\/www.keramiksymposium-roemhild.de\/ksr\/wp-json\/wp\/v2\/types\/page"}],"author":[{"embeddable":true,"href":"https:\/\/www.keramiksymposium-roemhild.de\/ksr\/wp-json\/wp\/v2\/users\/4"}],"replies":[{"embeddable":true,"href":"https:\/\/www.keramiksymposium-roemhild.de\/ksr\/wp-json\/wp\/v2\/comments?post=734"}],"version-history":[{"count":87,"href":"https:\/\/www.keramiksymposium-roemhild.de\/ksr\/wp-json\/wp\/v2\/pages\/734\/revisions"}],"predecessor-version":[{"id":1357,"href":"https:\/\/www.keramiksymposium-roemhild.de\/ksr\/wp-json\/wp\/v2\/pages\/734\/revisions\/1357"}],"up":[{"embeddable":true,"href":"https:\/\/www.keramiksymposium-roemhild.de\/ksr\/wp-json\/wp\/v2\/pages\/48"}],"wp:attachment":[{"href":"https:\/\/www.keramiksymposium-roemhild.de\/ksr\/wp-json\/wp\/v2\/media?parent=734"}],"curies":[{"name":"wp","href":"https:\/\/api.w.org\/{rel}","templated":true}]}}