{"id":62,"date":"2017-01-06T13:33:31","date_gmt":"2017-01-06T12:33:31","guid":{"rendered":"http:\/\/localhost\/ksr\/?page_id=62"},"modified":"2025-02-19T12:16:32","modified_gmt":"2025-02-19T11:16:32","slug":"ix-symposium-2011","status":"publish","type":"page","link":"https:\/\/www.keramiksymposium-roemhild.de\/ksr\/die-symposien\/ix-symposium-2011\/","title":{"rendered":"IX. Symposium 2011"},"content":{"rendered":"<p><b>Die Welt in der Provinz &#8211; das IX. Internationale Keramiksymposium R\u00f6mhild 2011<\/b><\/p>\n<p>F\u00fcr das IX. Internationale Keramiksymposium in R\u00f6mhild, unter dem Motto <i>\u201ePanta Rhei &#8211; alles flie\u00dft\u201c<\/i>, hatten sich 114 Keramiker aus allen Teilen der Welt beworben. Eine solche \u00fcberw\u00e4ltigende Resonanz drei Jahre nach Neubeginn best\u00e4tigte die Veranstalter in ihrem Engagement f\u00fcr die Wiederaufnahme und zeigte dar\u00fcber hinaus die hohe internationale Wertsch\u00e4tzung f\u00fcr diese traditionsreichen Symposien.<\/p>\n<p>In den Bewerbungen spiegelte sich das gesamte Spektrum des aktuellen internationalen keramischen Schaffens wider. Eine Fachjury w\u00e4hlte an Hand von Arbeitsfotos acht Teilnehmer aus acht L\u00e4ndern aus. Bei der Auswahl stellte man hohe Anspr\u00fcche an die k\u00fcnstlerischen und keramischen Aussagequalit\u00e4ten der eingereichten Bewerbungen. Die eingeladenen Teilnehmer genie\u00dfen sowohl in ihren Heimatl\u00e4ndern als auch international Achtung und Anerkennung.<\/p>\n<p>Mit Kyra Spieker, Velimir Vukicevic, David Jones und Marc Leuthold befinden sich vier Mitglieder der\u201eInternational Academy of Ceramics\u201c unter ihnen. Sie alle haben mit ihrem Schaffen Teil an jener Entwicklung der zeitgen\u00f6ssischen Keramik, die gepr\u00e4gt ist durch individuelle Verkn\u00fcpfungen von Design und freien K\u00fcnsten sowie von nationalen Wurzeln mit globalen Einfl\u00fcssen. Dar\u00fcber hinaus bem\u00fcht sich jeder von ihnen in einem Lehramt um die Ausbildung junger Menschen zu K\u00fcnstlern und nimmt so auch mittelbar Einfluss auf die weitere internationale Entwicklung der Keramik.<\/p>\n<p>Das aktuelle Arbeitstreffen vom 14. August bis zum 11. September 2011 zeigte sich durchdrungen von Einsatzwillen, Leidenschaft und Freude an der Mitwirkung von Keramikfreunden aus der Region sowie dar\u00fcber hinaus. Die engen Kontakte zwischen den Keramikern vor Ort und den G\u00e4sten praktizierten gegenseitiges Geben und Nehmen. Die K\u00fcnstler profitierten vom reichen praktischen Wissen und K\u00f6nnen der erfahrenen Handwerker sowie deren technischen M\u00f6glichkeiten. Die T\u00f6pfer erhielten unmittelbaren Zugang zur Gedankenwelt der K\u00fcnstler und deren Umgang mit dem Material. Achtung und Respekt vor der Leistung des anderen bildeten die Grundlage dieses Austausches. Daraus entstanden Freundschaften, die \u00fcber den Tag hinaus Bestand haben werden.<\/p>\n<p>Als wichtigste Voraussetzung f\u00fcr das Gelingen der Symposien bew\u00e4hrte sich einmal mehr die beispielhafte Partnerschaft des Museums Schloss Gl\u00fccksburg mit dem F\u00f6rderverein als gemeinsame Veranstalter. Das Museum mit seinem umfangreichen Sammlungsbestand aus allen bisherigen Symposien sowie der st\u00e4ndigen Ausstellung \u201eKeramik International\u201c bildet seit der Neuaufnahme der Symposien das inhaltliche Zentrum und die best\u00e4ndige r\u00e4umliche wie personelle Basis. Der Verein \u00fcbernimmt die Verantwortung f\u00fcr den m\u00f6glichst reibungslosen Ablauf der Veranstaltung, die \u00d6ffentlichkeitsarbeit sowie die<br \/>\nKommunikation mit Sponsoren, F\u00f6rderern und Politikern auf Regional- und Landesebene.<\/p>\n<p>Das Arbeitstreffen verlief in einer so herzlichen und anregenden Atmosph\u00e4re, dass sich die Abschlussausstellung am 10. September zu einem emotionalen H\u00f6hepunkt des Symposiums gestaltete.<\/p>\n","protected":false},"excerpt":{"rendered":"<p>Die Welt in der Provinz &#8211; das IX. Internationale Keramiksymposium R\u00f6mhild 2011 F\u00fcr das IX. Internationale Keramiksymposium in R\u00f6mhild, unter dem Motto \u201ePanta Rhei &#8211; alles flie\u00dft\u201c, hatten sich 114 Keramiker aus allen Teilen der Welt beworben. Eine solche \u00fcberw\u00e4ltigende Resonanz drei Jahre nach Neubeginn best\u00e4tigte die Veranstalter in ihrem Engagement f\u00fcr die Wiederaufnahme und [&hellip;]<\/p>\n","protected":false},"author":4,"featured_media":0,"parent":48,"menu_order":6,"comment_status":"closed","ping_status":"closed","template":"","meta":{"footnotes":""},"class_list":["post-62","page","type-page","status-publish","hentry"],"jetpack_sharing_enabled":true,"_links":{"self":[{"href":"https:\/\/www.keramiksymposium-roemhild.de\/ksr\/wp-json\/wp\/v2\/pages\/62","targetHints":{"allow":["GET"]}}],"collection":[{"href":"https:\/\/www.keramiksymposium-roemhild.de\/ksr\/wp-json\/wp\/v2\/pages"}],"about":[{"href":"https:\/\/www.keramiksymposium-roemhild.de\/ksr\/wp-json\/wp\/v2\/types\/page"}],"author":[{"embeddable":true,"href":"https:\/\/www.keramiksymposium-roemhild.de\/ksr\/wp-json\/wp\/v2\/users\/4"}],"replies":[{"embeddable":true,"href":"https:\/\/www.keramiksymposium-roemhild.de\/ksr\/wp-json\/wp\/v2\/comments?post=62"}],"version-history":[{"count":1,"href":"https:\/\/www.keramiksymposium-roemhild.de\/ksr\/wp-json\/wp\/v2\/pages\/62\/revisions"}],"predecessor-version":[{"id":63,"href":"https:\/\/www.keramiksymposium-roemhild.de\/ksr\/wp-json\/wp\/v2\/pages\/62\/revisions\/63"}],"up":[{"embeddable":true,"href":"https:\/\/www.keramiksymposium-roemhild.de\/ksr\/wp-json\/wp\/v2\/pages\/48"}],"wp:attachment":[{"href":"https:\/\/www.keramiksymposium-roemhild.de\/ksr\/wp-json\/wp\/v2\/media?parent=62"}],"curies":[{"name":"wp","href":"https:\/\/api.w.org\/{rel}","templated":true}]}}