{"id":606,"date":"2018-10-19T09:25:48","date_gmt":"2018-10-19T07:25:48","guid":{"rendered":"http:\/\/www.keramiksymposium-roemhild.de\/ksr\/?page_id=606"},"modified":"2019-04-30T12:35:08","modified_gmt":"2019-04-30T10:35:08","slug":"ausstellungen-2017","status":"publish","type":"page","link":"https:\/\/www.keramiksymposium-roemhild.de\/ksr\/veranstaltungen-und-maerkte\/ausstellungen-2017\/","title":{"rendered":"2017 Schloss Klaffenbach"},"content":{"rendered":"<p>K\u00dcNSTLERISCHE SPIELR\u00c4UME IN DER KERAMIK<\/p>\n<p>Vom 04.03. bis 11.o6.2017 beteiligte sich der F\u00f6rderverein Internationales Keramiksymposium R\u00f6mhild mit Exponaten aus verschiedenen Keramiksymposien erfolgreich an der Ausstellung im Wasserschloss Klaffenbach in Chemnitz.<br \/>\nDie Ausstellung stand unter dem Motto <a href=\"https:\/\/www.keramiksymposium-roemhild.de\/ksr\/wp-content\/uploads\/einladung_wasserschloss_klaffenbach.pdf\">&#8222;K\u00fcnstlerische Spielr\u00e4ume in der Keramik&#8220;.<\/a><\/p>\n<p>Folgende K\u00fcnstler waren mit ihren Exponaten vertreten:<\/p>\n<p>Kenichi Harayma,&nbsp; Japan<br \/>\nUcki Kossdorff, \u00d6sterreich<br \/>\nSylvia Nagy,&nbsp; USA<br \/>\nRafa Perez, Spanien<br \/>\nTanya Preminger, Israel<br \/>\nGudrun Sailer, Deutschland<br \/>\nIrina Razumovskaya,&nbsp; England (geb. in der UdSSR )<br \/>\nMarc Leuthold, USA<br \/>\nKyra Spieker, Deutschland<br \/>\nVelimir Vukicevic, Serbien<br \/>\nHeidi Preuss Grew, USA<br \/>\nStephanie Link, Deutschland<br \/>\nGudrun Petzold, Deutschland<\/p>\n<p><strong>&nbsp;<\/strong><\/p>\n<p><img loading=\"lazy\" decoding=\"async\" width=\"150\" height=\"150\" class=\"alignnone size-thumbnail wp-image-277\" alt=\"\" src=\"https:\/\/www.keramiksymposium-roemhild.de\/ksr\/wp-content\/uploads\/klaffenbach1-150x150.jpg\" srcset=\"https:\/\/www.keramiksymposium-roemhild.de\/ksr\/wp-content\/uploads\/klaffenbach1-150x150.jpg 150w, https:\/\/www.keramiksymposium-roemhild.de\/ksr\/wp-content\/uploads\/klaffenbach1-66x66.jpg 66w\" sizes=\"auto, (max-width: 150px) 100vw, 150px\" \/> <img loading=\"lazy\" decoding=\"async\" width=\"150\" height=\"150\" class=\"alignnone wp-image-278 size-thumbnail\" alt=\"\" src=\"https:\/\/www.keramiksymposium-roemhild.de\/ksr\/wp-content\/uploads\/klaffenbach2-150x150.jpg\" srcset=\"https:\/\/www.keramiksymposium-roemhild.de\/ksr\/wp-content\/uploads\/klaffenbach2-150x150.jpg 150w, https:\/\/www.keramiksymposium-roemhild.de\/ksr\/wp-content\/uploads\/klaffenbach2-66x66.jpg 66w\" sizes=\"auto, (max-width: 150px) 100vw, 150px\" \/> <img loading=\"lazy\" decoding=\"async\" width=\"150\" height=\"150\" class=\"alignnone wp-image-279 size-thumbnail\" alt=\"\" src=\"https:\/\/www.keramiksymposium-roemhild.de\/ksr\/wp-content\/uploads\/klaffenbach3-150x150.jpg\" srcset=\"https:\/\/www.keramiksymposium-roemhild.de\/ksr\/wp-content\/uploads\/klaffenbach3-150x150.jpg 150w, https:\/\/www.keramiksymposium-roemhild.de\/ksr\/wp-content\/uploads\/klaffenbach3-66x66.jpg 66w\" sizes=\"auto, (max-width: 150px) 100vw, 150px\" \/> <img loading=\"lazy\" decoding=\"async\" width=\"150\" height=\"150\" class=\"alignnone wp-image-280 size-thumbnail\" alt=\"\" src=\"https:\/\/www.keramiksymposium-roemhild.de\/ksr\/wp-content\/uploads\/klaffenbach4-150x150.jpg\" srcset=\"https:\/\/www.keramiksymposium-roemhild.de\/ksr\/wp-content\/uploads\/klaffenbach4-150x150.jpg 150w, https:\/\/www.keramiksymposium-roemhild.de\/ksr\/wp-content\/uploads\/klaffenbach4-66x66.jpg 66w\" sizes=\"auto, (max-width: 150px) 100vw, 150px\" \/> <img loading=\"lazy\" decoding=\"async\" width=\"150\" height=\"150\" class=\"alignnone wp-image-281 size-thumbnail\" alt=\"\" src=\"https:\/\/www.keramiksymposium-roemhild.de\/ksr\/wp-content\/uploads\/klaffenbach5-150x150.jpg\" srcset=\"https:\/\/www.keramiksymposium-roemhild.de\/ksr\/wp-content\/uploads\/klaffenbach5-150x150.jpg 150w, https:\/\/www.keramiksymposium-roemhild.de\/ksr\/wp-content\/uploads\/klaffenbach5-66x66.jpg 66w\" sizes=\"auto, (max-width: 150px) 100vw, 150px\" \/> <img loading=\"lazy\" decoding=\"async\" width=\"150\" height=\"150\" class=\"alignnone wp-image-282 size-thumbnail\" alt=\"\" src=\"https:\/\/www.keramiksymposium-roemhild.de\/ksr\/wp-content\/uploads\/klaffenbach6-150x150.jpg\" srcset=\"https:\/\/www.keramiksymposium-roemhild.de\/ksr\/wp-content\/uploads\/klaffenbach6-150x150.jpg 150w, https:\/\/www.keramiksymposium-roemhild.de\/ksr\/wp-content\/uploads\/klaffenbach6-66x66.jpg 66w\" sizes=\"auto, (max-width: 150px) 100vw, 150px\" \/> <img loading=\"lazy\" decoding=\"async\" width=\"150\" height=\"150\" class=\"alignnone wp-image-283 size-thumbnail\" alt=\"\" src=\"https:\/\/www.keramiksymposium-roemhild.de\/ksr\/wp-content\/uploads\/klaffenbach7-150x150.jpg\" srcset=\"https:\/\/www.keramiksymposium-roemhild.de\/ksr\/wp-content\/uploads\/klaffenbach7-150x150.jpg 150w, https:\/\/www.keramiksymposium-roemhild.de\/ksr\/wp-content\/uploads\/klaffenbach7-66x66.jpg 66w\" sizes=\"auto, (max-width: 150px) 100vw, 150px\" \/> <img loading=\"lazy\" decoding=\"async\" width=\"150\" height=\"150\" class=\"alignnone wp-image-284 size-thumbnail\" alt=\"\" src=\"https:\/\/www.keramiksymposium-roemhild.de\/ksr\/wp-content\/uploads\/klaffenbach8-150x150.jpg\" srcset=\"https:\/\/www.keramiksymposium-roemhild.de\/ksr\/wp-content\/uploads\/klaffenbach8-150x150.jpg 150w, https:\/\/www.keramiksymposium-roemhild.de\/ksr\/wp-content\/uploads\/klaffenbach8-66x66.jpg 66w\" sizes=\"auto, (max-width: 150px) 100vw, 150px\" \/>&nbsp;<img loading=\"lazy\" decoding=\"async\" width=\"150\" height=\"150\" class=\"alignnone size-thumbnail wp-image-286\" alt=\"\" src=\"https:\/\/www.keramiksymposium-roemhild.de\/ksr\/wp-content\/uploads\/klaffenbach9-150x150.jpg\" srcset=\"https:\/\/www.keramiksymposium-roemhild.de\/ksr\/wp-content\/uploads\/klaffenbach9-150x150.jpg 150w, https:\/\/www.keramiksymposium-roemhild.de\/ksr\/wp-content\/uploads\/klaffenbach9-66x66.jpg 66w\" sizes=\"auto, (max-width: 150px) 100vw, 150px\" \/><\/p>\n","protected":false},"excerpt":{"rendered":"<p>K\u00dcNSTLERISCHE SPIELR\u00c4UME IN DER KERAMIK Vom 04.03. bis 11.o6.2017 beteiligte sich der F\u00f6rderverein Internationales Keramiksymposium R\u00f6mhild mit Exponaten aus verschiedenen Keramiksymposien erfolgreich an der Ausstellung im Wasserschloss Klaffenbach in Chemnitz. Die Ausstellung stand unter dem Motto &#8222;K\u00fcnstlerische Spielr\u00e4ume in der Keramik&#8220;. Folgende K\u00fcnstler waren mit ihren Exponaten vertreten: Kenichi Harayma,&nbsp; Japan Ucki Kossdorff, \u00d6sterreich Sylvia [&hellip;]<\/p>\n","protected":false},"author":4,"featured_media":0,"parent":8,"menu_order":1,"comment_status":"closed","ping_status":"closed","template":"","meta":{"footnotes":""},"class_list":["post-606","page","type-page","status-publish","hentry"],"jetpack_sharing_enabled":true,"_links":{"self":[{"href":"https:\/\/www.keramiksymposium-roemhild.de\/ksr\/wp-json\/wp\/v2\/pages\/606","targetHints":{"allow":["GET"]}}],"collection":[{"href":"https:\/\/www.keramiksymposium-roemhild.de\/ksr\/wp-json\/wp\/v2\/pages"}],"about":[{"href":"https:\/\/www.keramiksymposium-roemhild.de\/ksr\/wp-json\/wp\/v2\/types\/page"}],"author":[{"embeddable":true,"href":"https:\/\/www.keramiksymposium-roemhild.de\/ksr\/wp-json\/wp\/v2\/users\/4"}],"replies":[{"embeddable":true,"href":"https:\/\/www.keramiksymposium-roemhild.de\/ksr\/wp-json\/wp\/v2\/comments?post=606"}],"version-history":[{"count":3,"href":"https:\/\/www.keramiksymposium-roemhild.de\/ksr\/wp-json\/wp\/v2\/pages\/606\/revisions"}],"predecessor-version":[{"id":776,"href":"https:\/\/www.keramiksymposium-roemhild.de\/ksr\/wp-json\/wp\/v2\/pages\/606\/revisions\/776"}],"up":[{"embeddable":true,"href":"https:\/\/www.keramiksymposium-roemhild.de\/ksr\/wp-json\/wp\/v2\/pages\/8"}],"wp:attachment":[{"href":"https:\/\/www.keramiksymposium-roemhild.de\/ksr\/wp-json\/wp\/v2\/media?parent=606"}],"curies":[{"name":"wp","href":"https:\/\/api.w.org\/{rel}","templated":true}]}}