{"id":60,"date":"2017-01-06T13:32:09","date_gmt":"2017-01-06T12:32:09","guid":{"rendered":"http:\/\/localhost\/ksr\/?page_id=60"},"modified":"2025-02-19T12:16:24","modified_gmt":"2025-02-19T11:16:24","slug":"viii-symposium-2008","status":"publish","type":"page","link":"https:\/\/www.keramiksymposium-roemhild.de\/ksr\/die-symposien\/viii-symposium-2008\/","title":{"rendered":"VIII. Symposium 2008"},"content":{"rendered":"<p><b>Das VIII. Internationale Keramiksymposium 2008<\/b><\/p>\n<p>Im April 2007 hat sich ein F\u00f6rderverein gegr\u00fcndet, um die Tradition der Symposien nach 15 Jahren wieder zu beleben und fortzuf\u00fchren.<br \/>\nDer Titel des VIII. Internationalen Keramiksymposiums im Jahre 2008 lautete treffend: \u201ePh\u00f6nix aus der Asche\u201c.<br \/>\nZiel der Symposien ist die F\u00f6rderung begabter Keramiker aus allen Teilen der Erde, sowie die Pflege, Erhaltung und Entwicklung traditioneller und innovativer keramischer Techniken.<\/p>\n<p>Dem F\u00f6rderverein ist es mit gro\u00dfartiger Unterst\u00fctzung des Landes Th\u00fcringen, des Landkreises Hildburghausen, der Stadt R\u00f6mhild und vieler Sponsoren gelungen, mit \u00fcber 30 Veranstaltungen an vier Wochenenden und f\u00fcnf international bedeutenden Keramikk\u00fcnstlern das Symposium wiederauferstehen zu lassen.<br \/>\nZu Gast waren die Keramikk\u00fcnstlerinnen: Elzbieta Grosseova aus Tschechien, Danijela Pivasevic-Tenner aus Serbien, Heidi Preuss Grew aus den USA, Stephanie Link und Gudrun Petzold aus Deutschland.<\/p>\n<p>An vier Sonntagen fanden K\u00fcnstlergespr\u00e4che mit den Symposiumsteilnehmern statt. Dieses Angebot wurde von zahlreichen Einheimischen und G\u00e4sten genutzt, um mit den K\u00fcnstlerinnen ins Gespr\u00e4ch zu kommen.<br \/>\nDa zum VIII. Internationalen Keramiksymposium auch das Thema \u201eHydrothermales Brennen\u201c, eine uralte keltische Brenntechnik, auf dem Programm stand, wurde vom Keramiker Peter Weber aus K\u00fchndorf ein keltischer Brennofen aus Ton nachgebaut.<br \/>\nEin weiterer Brennofen wurde von Keramikermeister Reinhard Keitel aus Weimar errichtet, ein sogenannter Hochtemperatur-Freifeuerofen. Dieser wurde sowohl an den Werkst\u00e4tten der K\u00fcnstlerinnen, auf dem ELIOG-Kelvitherm Gel\u00e4nde, als auch im Schlosshof von Schloss Gl\u00fccksburg in R\u00f6mhild aufgebaut und betrieben.<br \/>\nF\u00fcr die zuk\u00fcnftigen Symposien hat der F\u00f6rderverein geplant diese im dreij\u00e4hrigen Rhythmus jeweils von August bis September zu veranstalten.<\/p>\n","protected":false},"excerpt":{"rendered":"<p>Das VIII. Internationale Keramiksymposium 2008 Im April 2007 hat sich ein F\u00f6rderverein gegr\u00fcndet, um die Tradition der Symposien nach 15 Jahren wieder zu beleben und fortzuf\u00fchren. Der Titel des VIII. Internationalen Keramiksymposiums im Jahre 2008 lautete treffend: \u201ePh\u00f6nix aus der Asche\u201c. Ziel der Symposien ist die F\u00f6rderung begabter Keramiker aus allen Teilen der Erde, sowie [&hellip;]<\/p>\n","protected":false},"author":4,"featured_media":0,"parent":48,"menu_order":5,"comment_status":"closed","ping_status":"closed","template":"","meta":{"footnotes":""},"class_list":["post-60","page","type-page","status-publish","hentry"],"jetpack_sharing_enabled":true,"_links":{"self":[{"href":"https:\/\/www.keramiksymposium-roemhild.de\/ksr\/wp-json\/wp\/v2\/pages\/60","targetHints":{"allow":["GET"]}}],"collection":[{"href":"https:\/\/www.keramiksymposium-roemhild.de\/ksr\/wp-json\/wp\/v2\/pages"}],"about":[{"href":"https:\/\/www.keramiksymposium-roemhild.de\/ksr\/wp-json\/wp\/v2\/types\/page"}],"author":[{"embeddable":true,"href":"https:\/\/www.keramiksymposium-roemhild.de\/ksr\/wp-json\/wp\/v2\/users\/4"}],"replies":[{"embeddable":true,"href":"https:\/\/www.keramiksymposium-roemhild.de\/ksr\/wp-json\/wp\/v2\/comments?post=60"}],"version-history":[{"count":1,"href":"https:\/\/www.keramiksymposium-roemhild.de\/ksr\/wp-json\/wp\/v2\/pages\/60\/revisions"}],"predecessor-version":[{"id":61,"href":"https:\/\/www.keramiksymposium-roemhild.de\/ksr\/wp-json\/wp\/v2\/pages\/60\/revisions\/61"}],"up":[{"embeddable":true,"href":"https:\/\/www.keramiksymposium-roemhild.de\/ksr\/wp-json\/wp\/v2\/pages\/48"}],"wp:attachment":[{"href":"https:\/\/www.keramiksymposium-roemhild.de\/ksr\/wp-json\/wp\/v2\/media?parent=60"}],"curies":[{"name":"wp","href":"https:\/\/api.w.org\/{rel}","templated":true}]}}