{"id":580,"date":"2018-04-02T20:19:30","date_gmt":"2018-04-02T18:19:30","guid":{"rendered":"http:\/\/www.keramiksymposium-roemhild.de\/ksr\/?page_id=580"},"modified":"2025-12-08T11:43:19","modified_gmt":"2025-12-08T10:43:19","slug":"keramikmarkt-2018","status":"publish","type":"page","link":"https:\/\/www.keramiksymposium-roemhild.de\/ksr\/keramikmarkt\/keramikmarkt-2018\/","title":{"rendered":"18. Th\u00fcringer Keramikmarkt R\u00f6mhild 2026"},"content":{"rendered":"\n<figure class=\"wp-block-image size-full\"><img loading=\"lazy\" decoding=\"async\" width=\"945\" height=\"705\" src=\"https:\/\/www.keramiksymposium-roemhild.de\/ksr\/wp-content\/uploads\/Schlosshof__Keramikverein.jpg\" alt=\"\" class=\"wp-image-1404\" srcset=\"https:\/\/www.keramiksymposium-roemhild.de\/ksr\/wp-content\/uploads\/Schlosshof__Keramikverein.jpg 945w, https:\/\/www.keramiksymposium-roemhild.de\/ksr\/wp-content\/uploads\/Schlosshof__Keramikverein-300x224.jpg 300w, https:\/\/www.keramiksymposium-roemhild.de\/ksr\/wp-content\/uploads\/Schlosshof__Keramikverein-768x573.jpg 768w, https:\/\/www.keramiksymposium-roemhild.de\/ksr\/wp-content\/uploads\/Schlosshof__Keramikverein-618x461.jpg 618w, https:\/\/www.keramiksymposium-roemhild.de\/ksr\/wp-content\/uploads\/Schlosshof__Keramikverein-138x104.jpg 138w, https:\/\/www.keramiksymposium-roemhild.de\/ksr\/wp-content\/uploads\/Schlosshof__Keramikverein-444x331.jpg 444w\" sizes=\"auto, (max-width: 945px) 100vw, 945px\" \/><\/figure>\n\n\n\n<p><\/p>\n\n\n\n<p><b>15. und 16. August 2026 auf Schloss Gl\u00fccksburg<\/b><\/p>\n\n\n\n<p>Schloss Gl\u00fccksburg mit seinen romantischen H\u00f6fen bietet auch in diesem Jahr wieder die beeindruckende Kulisse f\u00fcr den 18. Th\u00fcringer Keramikmarkt in R\u00f6mhild. Der F\u00f6rderverein \u201eInternationales Keramiksymposium R\u00f6mhild e.V.\u201c l\u00e4dt herzlich zur Teilnahme am 18. Th\u00fcringer Keramikmarkt in die Stadt R\u00f6mhild ein.<\/p>\n\n\n\n<p>Unser Markt wird am:<\/p>\n\n\n\n<p><strong>Samstag, dem 15.08.2026 von 10.00 Uhr bis 18.00 Uhr <\/strong>und<br><strong>Sonntag, dem 16.08.2026 von 10.00 Uhr bis 17.00 Uhr<\/strong><br>auf Schloss Gl\u00fccksburg stattfinden.<\/p>\n\n\n\n<p>Die Anzahl der teilnehmenden T\u00f6pfer und Keramiker ist auf etwa 50 Verkaufsst\u00e4nde beschr\u00e4nkt.<\/p>\n\n\n\n<p>F\u00fcr die Bewerbung zur Teilnahme am Markt k\u00f6nnen nachfolgende Links genutzt werden:<br><a href=\"https:\/\/www.keramiksymposium-roemhild.de\/ksr\/wp-content\/uploads\/Bewerbung-Markt-2026.doc\" data-type=\"attachment\" data-id=\"1477\">Bewerbung Markt 2026<\/a><br><a href=\"https:\/\/www.keramiksymposium-roemhild.de\/ksr\/wp-content\/uploads\/Marktordnung-2023.pdf\">Marktordnung 2026<\/a><\/p>\n\n\n\n<p><b><br>Veranstalter:<br><\/b>F\u00f6rderverein \u201eInternationales Keramiksymposium R\u00f6mhild e.V.&#8220; mit Unterst\u00fctzung der Stadt R\u00f6mhild.<\/p>\n\n\n\n<p><strong>Ansprechpartner:<\/strong><br>Markus Weingarten<\/p>\n\n\n\n<p><strong>Anfahrt nach R\u00f6mhild:<br><\/strong>Aus Erfurt: A 71 Richtung Schweinfurt bis<br>Abfahrt Rentwertshausen\/R\u00f6mhild<br>Aus Coburg: A 73 Richtung Suhl bis Abfahrt Eisfeld S\u00fcd, dann die Landstra\u00dfe (89) \u00fcber Hildburghausen<br>Aus Bad Neustadt A 71 Richtung Erfurt bis<br>Abfahrt Rentwertshausen\/R\u00f6mhild<\/p>\n\n\n\n<p>F\u00fcr Ihre Anfahrt k\u00f6nnen Sie den Google Routenplaner nutzen.<\/p>\n\n\n\n<p><small><a href=\"http:\/\/maps.google.de\/maps?f=q&amp;source=embed&amp;hl=de&amp;geocode=&amp;q=Griebelstra%C3%9Fe+28,++98631+R%C3%B6mhild&amp;sll=51.151786,10.415039&amp;sspn=10.688134,19.753418&amp;ie=UTF8&amp;hq=&amp;hnear=Griebelstra%C3%9Fe+28,+98631+R%C3%B6mhild,+Th%C3%BCringen&amp;t=m&amp;ll=50.397904,10.540524&amp;spn=0.032828,0.051413&amp;z=14&amp;iwloc=A\">Gr\u00f6\u00dfere Kartenansicht<\/a><\/small><\/p>\n","protected":false},"excerpt":{"rendered":"<p>15. und 16. August 2026 auf Schloss Gl\u00fccksburg Schloss Gl\u00fccksburg mit seinen romantischen H\u00f6fen bietet auch in diesem Jahr wieder die beeindruckende Kulisse f\u00fcr den 18. Th\u00fcringer Keramikmarkt in R\u00f6mhild. Der F\u00f6rderverein \u201eInternationales Keramiksymposium R\u00f6mhild e.V.\u201c l\u00e4dt herzlich zur Teilnahme am 18. Th\u00fcringer Keramikmarkt in die Stadt R\u00f6mhild ein. Unser Markt wird am: Samstag, dem [&hellip;]<\/p>\n","protected":false},"author":4,"featured_media":0,"parent":505,"menu_order":1,"comment_status":"closed","ping_status":"closed","template":"","meta":{"footnotes":""},"class_list":["post-580","page","type-page","status-publish","hentry"],"jetpack_sharing_enabled":true,"_links":{"self":[{"href":"https:\/\/www.keramiksymposium-roemhild.de\/ksr\/wp-json\/wp\/v2\/pages\/580","targetHints":{"allow":["GET"]}}],"collection":[{"href":"https:\/\/www.keramiksymposium-roemhild.de\/ksr\/wp-json\/wp\/v2\/pages"}],"about":[{"href":"https:\/\/www.keramiksymposium-roemhild.de\/ksr\/wp-json\/wp\/v2\/types\/page"}],"author":[{"embeddable":true,"href":"https:\/\/www.keramiksymposium-roemhild.de\/ksr\/wp-json\/wp\/v2\/users\/4"}],"replies":[{"embeddable":true,"href":"https:\/\/www.keramiksymposium-roemhild.de\/ksr\/wp-json\/wp\/v2\/comments?post=580"}],"version-history":[{"count":45,"href":"https:\/\/www.keramiksymposium-roemhild.de\/ksr\/wp-json\/wp\/v2\/pages\/580\/revisions"}],"predecessor-version":[{"id":1480,"href":"https:\/\/www.keramiksymposium-roemhild.de\/ksr\/wp-json\/wp\/v2\/pages\/580\/revisions\/1480"}],"up":[{"embeddable":true,"href":"https:\/\/www.keramiksymposium-roemhild.de\/ksr\/wp-json\/wp\/v2\/pages\/505"}],"wp:attachment":[{"href":"https:\/\/www.keramiksymposium-roemhild.de\/ksr\/wp-json\/wp\/v2\/media?parent=580"}],"curies":[{"name":"wp","href":"https:\/\/api.w.org\/{rel}","templated":true}]}}