{"id":54,"date":"2017-01-06T13:27:49","date_gmt":"2017-01-06T12:27:49","guid":{"rendered":"http:\/\/localhost\/ksr\/?page_id=54"},"modified":"2024-11-04T14:12:59","modified_gmt":"2024-11-04T13:12:59","slug":"willkommen","status":"publish","type":"page","link":"https:\/\/www.keramiksymposium-roemhild.de\/ksr\/","title":{"rendered":"Willkommen"},"content":{"rendered":"<h6><img loading=\"lazy\" decoding=\"async\" class=\"aligncenter size-full wp-image-109\" src=\"https:\/\/www.keramiksymposium-roemhild.de\/ksr\/wp-content\/uploads\/logo.gif\" alt=\"\" width=\"248\" height=\"108\" \/><\/h6>\n<p style=\"text-align: center;\"><span style=\"color: #993300;\">***<\/span><\/p>\n<p><a href=\"https:\/\/www.keramiksymposium-roemhild.de\/ksr\/?page_id=580\"><strong>16.08. bis 17.08.2025 &#8211; 17. Th\u00fcringer Keramikmarkt<\/strong><\/a><\/p>\n<p><img loading=\"lazy\" decoding=\"async\" class=\"alignnone size-large wp-image-674\" src=\"https:\/\/www.keramiksymposium-roemhild.de\/ksr\/wp-content\/uploads\/Bild-Startseite-1024x768.jpg\" alt=\"\" width=\"1024\" height=\"768\" srcset=\"https:\/\/www.keramiksymposium-roemhild.de\/ksr\/wp-content\/uploads\/Bild-Startseite-1024x768.jpg 1024w, https:\/\/www.keramiksymposium-roemhild.de\/ksr\/wp-content\/uploads\/Bild-Startseite-300x225.jpg 300w, https:\/\/www.keramiksymposium-roemhild.de\/ksr\/wp-content\/uploads\/Bild-Startseite-768x576.jpg 768w, https:\/\/www.keramiksymposium-roemhild.de\/ksr\/wp-content\/uploads\/Bild-Startseite-618x464.jpg 618w, https:\/\/www.keramiksymposium-roemhild.de\/ksr\/wp-content\/uploads\/Bild-Startseite-138x104.jpg 138w, https:\/\/www.keramiksymposium-roemhild.de\/ksr\/wp-content\/uploads\/Bild-Startseite-444x333.jpg 444w, https:\/\/www.keramiksymposium-roemhild.de\/ksr\/wp-content\/uploads\/Bild-Startseite.jpg 1280w\" sizes=\"auto, (max-width: 1024px) 100vw, 1024px\" \/><span style=\"color: #cfaf69;\">Ausstellungser\u00f6ffnung R\u00fcstsaal, Symposium 2018, Quelle: Verein<\/span><\/p>\n","protected":false},"excerpt":{"rendered":"<p>*** 16.08. bis 17.08.2025 &#8211; 17. Th\u00fcringer Keramikmarkt Ausstellungser\u00f6ffnung R\u00fcstsaal, Symposium 2018, Quelle: Verein<\/p>\n","protected":false},"author":4,"featured_media":0,"parent":0,"menu_order":0,"comment_status":"closed","ping_status":"closed","template":"","meta":{"footnotes":""},"class_list":["post-54","page","type-page","status-publish","hentry"],"jetpack_sharing_enabled":true,"_links":{"self":[{"href":"https:\/\/www.keramiksymposium-roemhild.de\/ksr\/wp-json\/wp\/v2\/pages\/54","targetHints":{"allow":["GET"]}}],"collection":[{"href":"https:\/\/www.keramiksymposium-roemhild.de\/ksr\/wp-json\/wp\/v2\/pages"}],"about":[{"href":"https:\/\/www.keramiksymposium-roemhild.de\/ksr\/wp-json\/wp\/v2\/types\/page"}],"author":[{"embeddable":true,"href":"https:\/\/www.keramiksymposium-roemhild.de\/ksr\/wp-json\/wp\/v2\/users\/4"}],"replies":[{"embeddable":true,"href":"https:\/\/www.keramiksymposium-roemhild.de\/ksr\/wp-json\/wp\/v2\/comments?post=54"}],"version-history":[{"count":266,"href":"https:\/\/www.keramiksymposium-roemhild.de\/ksr\/wp-json\/wp\/v2\/pages\/54\/revisions"}],"predecessor-version":[{"id":1427,"href":"https:\/\/www.keramiksymposium-roemhild.de\/ksr\/wp-json\/wp\/v2\/pages\/54\/revisions\/1427"}],"wp:attachment":[{"href":"https:\/\/www.keramiksymposium-roemhild.de\/ksr\/wp-json\/wp\/v2\/media?parent=54"}],"curies":[{"name":"wp","href":"https:\/\/api.w.org\/{rel}","templated":true}]}}