{"id":505,"date":"2018-01-07T22:33:57","date_gmt":"2018-01-07T21:33:57","guid":{"rendered":"http:\/\/www.keramiksymposium-roemhild.de\/ksr\/?page_id=505"},"modified":"2024-07-18T14:31:49","modified_gmt":"2024-07-18T12:31:49","slug":"keramikmarkt","status":"publish","type":"page","link":"https:\/\/www.keramiksymposium-roemhild.de\/ksr\/keramikmarkt\/","title":{"rendered":"Th\u00fcringer Keramikmarkt R\u00f6mhild"},"content":{"rendered":"<div class=\"wp-block-image\">\n<figure class=\"alignleft\"><img loading=\"lazy\" decoding=\"async\" width=\"203\" height=\"300\" src=\"https:\/\/www.keramiksymposium-roemhild.de\/ksr\/wp-content\/uploads\/content-4-1-203x300.jpg\" alt=\"\" class=\"wp-image-89\" srcset=\"https:\/\/www.keramiksymposium-roemhild.de\/ksr\/wp-content\/uploads\/content-4-1-203x300.jpg 203w, https:\/\/www.keramiksymposium-roemhild.de\/ksr\/wp-content\/uploads\/content-4-1-300x444.jpg 300w, https:\/\/www.keramiksymposium-roemhild.de\/ksr\/wp-content\/uploads\/content-4-1.jpg 600w\" sizes=\"auto, (max-width: 203px) 100vw, 203px\" \/><\/figure>\n<\/div>\n\n\n<p><\/p>\n\n\n\n<p>In jedem Jahr am 3.Wochenende im August findet auf Schloss Gl\u00fccksburg mit seinen romantischen H\u00f6fen der Th\u00fcringer Keramikmarkt in R\u00f6mhild statt.<\/p>\n\n\n\n<p>Der F\u00f6rderverein \u201eInternationales Keramiksymposium R\u00f6mhild e.V.\u201c l\u00e4dt als Organisator in Zusammenarbeit mit der Stadt R\u00f6mhild herzlich zur Teilnahme ein.<\/p>\n\n\n\n<p>Die Vielfalt der angebotenen Keramik ist jedes Jahr auf\u00b4s Neue beeindruckend, die malerische Kulisse des Schlosses und seinen H\u00f6fen l\u00e4dt zum Schlendern, Verweilen, Genie\u00dfen und nat\u00fcrlich auch zum Kaufen ein.<\/p>\n\n\n\n<p>Keramiker finden alle Bewerbungsmodalit\u00e4ten auf der Internetseite zum&nbsp; aktuell stattfindenden Markt.<\/p>\n\n\n\n<p>Wir freuen uns auf Ihren Besuch!<\/p>\n\n\n\n<p><strong><br>\nAnfahrt nach R\u00f6mhild:<br>\n<\/strong>Aus Erfurt: A 71 Richtung Schweinfurt bis<br>\nAbfahrt Rentwertshausen\/R\u00f6mhild<br>\nAus Coburg: A 73 Richtung Suhl bis Abfahrt Eisfeld S\u00fcd, dann die Landstra\u00dfe (89) \u00fcber Hildburghausen<br>\nAus Bad Neustadt A 71 Richtung Erfurt bis<br>\nAbfahrt Rentwertshausen\/R\u00f6mhild<\/p>\n\n\n\n<p>F\u00fcr Ihre Anfahrt k\u00f6nnen Sie den Google Routenplaner nutzen.<\/p>\n\n\n\n<p><small><a href=\"http:\/\/maps.google.de\/maps?f=q&amp;source=embed&amp;hl=de&amp;geocode=&amp;q=Griebelstra%C3%9Fe+28,++98631+R%C3%B6mhild&amp;sll=51.151786,10.415039&amp;sspn=10.688134,19.753418&amp;ie=UTF8&amp;hq=&amp;hnear=Griebelstra%C3%9Fe+28,+98631+R%C3%B6mhild,+Th%C3%BCringen&amp;t=m&amp;ll=50.397904,10.540524&amp;spn=0.032828,0.051413&amp;z=14&amp;iwloc=A\">Kartenansicht<\/a><\/small><\/p>\n\n\n\n<figure class=\"wp-block-image size-full\"><img loading=\"lazy\" decoding=\"async\" width=\"960\" height=\"720\" src=\"https:\/\/www.keramiksymposium-roemhild.de\/ksr\/wp-content\/uploads\/38181994_2035319689820173_4709392388357881856_n.jpg\" alt=\"\" class=\"wp-image-1384\" srcset=\"https:\/\/www.keramiksymposium-roemhild.de\/ksr\/wp-content\/uploads\/38181994_2035319689820173_4709392388357881856_n.jpg 960w, https:\/\/www.keramiksymposium-roemhild.de\/ksr\/wp-content\/uploads\/38181994_2035319689820173_4709392388357881856_n-300x225.jpg 300w, https:\/\/www.keramiksymposium-roemhild.de\/ksr\/wp-content\/uploads\/38181994_2035319689820173_4709392388357881856_n-768x576.jpg 768w, https:\/\/www.keramiksymposium-roemhild.de\/ksr\/wp-content\/uploads\/38181994_2035319689820173_4709392388357881856_n-618x464.jpg 618w, https:\/\/www.keramiksymposium-roemhild.de\/ksr\/wp-content\/uploads\/38181994_2035319689820173_4709392388357881856_n-138x104.jpg 138w, https:\/\/www.keramiksymposium-roemhild.de\/ksr\/wp-content\/uploads\/38181994_2035319689820173_4709392388357881856_n-444x333.jpg 444w\" sizes=\"auto, (max-width: 960px) 100vw, 960px\" \/><figcaption class=\"wp-element-caption\">Schloss Gl\u00fccksburg, R\u00f6mhild<\/figcaption><\/figure>\n","protected":false},"excerpt":{"rendered":"<p>In jedem Jahr am 3.Wochenende im August findet auf Schloss Gl\u00fccksburg mit seinen romantischen H\u00f6fen der Th\u00fcringer Keramikmarkt in R\u00f6mhild statt. Der F\u00f6rderverein \u201eInternationales Keramiksymposium R\u00f6mhild e.V.\u201c l\u00e4dt als Organisator in Zusammenarbeit mit der Stadt R\u00f6mhild herzlich zur Teilnahme ein. Die Vielfalt der angebotenen Keramik ist jedes Jahr auf\u00b4s Neue beeindruckend, die malerische Kulisse des [&hellip;]<\/p>\n","protected":false},"author":4,"featured_media":0,"parent":0,"menu_order":3,"comment_status":"closed","ping_status":"closed","template":"","meta":{"footnotes":""},"class_list":["post-505","page","type-page","status-publish","hentry"],"jetpack_sharing_enabled":true,"_links":{"self":[{"href":"https:\/\/www.keramiksymposium-roemhild.de\/ksr\/wp-json\/wp\/v2\/pages\/505","targetHints":{"allow":["GET"]}}],"collection":[{"href":"https:\/\/www.keramiksymposium-roemhild.de\/ksr\/wp-json\/wp\/v2\/pages"}],"about":[{"href":"https:\/\/www.keramiksymposium-roemhild.de\/ksr\/wp-json\/wp\/v2\/types\/page"}],"author":[{"embeddable":true,"href":"https:\/\/www.keramiksymposium-roemhild.de\/ksr\/wp-json\/wp\/v2\/users\/4"}],"replies":[{"embeddable":true,"href":"https:\/\/www.keramiksymposium-roemhild.de\/ksr\/wp-json\/wp\/v2\/comments?post=505"}],"version-history":[{"count":22,"href":"https:\/\/www.keramiksymposium-roemhild.de\/ksr\/wp-json\/wp\/v2\/pages\/505\/revisions"}],"predecessor-version":[{"id":1420,"href":"https:\/\/www.keramiksymposium-roemhild.de\/ksr\/wp-json\/wp\/v2\/pages\/505\/revisions\/1420"}],"wp:attachment":[{"href":"https:\/\/www.keramiksymposium-roemhild.de\/ksr\/wp-json\/wp\/v2\/media?parent=505"}],"curies":[{"name":"wp","href":"https:\/\/api.w.org\/{rel}","templated":true}]}}