{"id":48,"date":"2017-01-06T13:22:55","date_gmt":"2017-01-06T12:22:55","guid":{"rendered":"http:\/\/localhost\/ksr\/?page_id=48"},"modified":"2025-02-19T11:55:02","modified_gmt":"2025-02-19T10:55:02","slug":"die-symposien","status":"publish","type":"page","link":"https:\/\/www.keramiksymposium-roemhild.de\/ksr\/die-symposien\/","title":{"rendered":"Die Internationalen Keramiksymposien R\u00f6mhild"},"content":{"rendered":"<p>Vor der malerischen Kulisse der Gleichberge liegt die um 1300 gegr\u00fcndete S\u00fcdth\u00fcringer Kleinstadt R\u00f6mhild. Ihre Silouette ist gepr\u00e4gt durch die imposante Stitfskirche und das Schloss Gl\u00fccksburg. Die Stadt hat eine lange und faszinierende Geschichte und eine jahrhundertealte Tradition im Keramik- und T\u00f6pferhandwerk. Bereits in keltischer Zeit wurde hier Ton als bildsames Material verarbeitet.<\/p>\n<p>1975 trafen sich erstmals Keramiker aus aller Welt zur Teilnahme an einem Internationale Keramiksymposien in R\u00f6mhild. Unter DDR-staatlich organisierter Aufsicht wurden dann immer wieder im Abstand von drei Jahren, in R\u00f6mhild Keramiksymposien organisiert, an denen bis dahin insgeamt 160 K\u00fcnstler aus \u00fcber 29 L\u00e4nder teilgemommen haben. Bis 1993! Dann ist im Zuge der deutschen Wiedervereinigung dem Keramiksymposium die finanzielle Basis und auch die, den Symposiumsgedanken tragende Organisationsstruktur, abhanden gekommen.<\/p>\n<p>2007, fast vierzehn Jahre nach dem pl\u00f6tzlichen Ende des Keramiksymposiums, hatte sich eine Initiativgruppe die anspruchsvolle Aufgabe gestellt, dieses internationale Keramiksymposium wieder zu beleben. Der F\u00f6rderverein wurde gegr\u00fcndet.<\/p>\n<p>Durch unerm\u00fcdliches Wirken und gro\u00dfe pers\u00f6nliche Engagements Einzelner konnte sich der F\u00f6rderverein in relativ kurzer Zeit sehr viel Anerkennung erwerben und sich die Unterst\u00fctzung aus Politik, Wirtschaft und privater \u00d6ffentlichkeit erschlie\u00dfen. Gef\u00f6rdert und getragen vom Land Th\u00fcringen, dem Landkreis Hildburghausen und der Stadt R\u00f6mhild sowie vielen Sponsoren und Unterst\u00fctzern, ist es gelungen 2008 und 2011 sehr erfolgreich das VIII. und IX. Internationale Keramiksymposium R\u00f6mhild durch zu f\u00fchren.<\/p>\n<p>Das Museum Schloss Gl\u00fccksburg in R\u00f6mhild bewahrt gro\u00dfe Teile aller seit 1975 entstandenen Symposiumsarbeiten in seinen Magazinen auf. In einer eindrucksvollen Dauerausstellung, Keramik International, werden ausgew\u00e4hlte Kunstwerke der interessierten \u00d6ffentlichkeit pr\u00e4sentiert.<\/p>\n","protected":false},"excerpt":{"rendered":"<p>Vor der malerischen Kulisse der Gleichberge liegt die um 1300 gegr\u00fcndete S\u00fcdth\u00fcringer Kleinstadt R\u00f6mhild. Ihre Silouette ist gepr\u00e4gt durch die imposante Stitfskirche und das Schloss Gl\u00fccksburg. Die Stadt hat eine lange und faszinierende Geschichte und eine jahrhundertealte Tradition im Keramik- und T\u00f6pferhandwerk. Bereits in keltischer Zeit wurde hier Ton als bildsames Material verarbeitet. 1975 trafen [&hellip;]<\/p>\n","protected":false},"author":4,"featured_media":0,"parent":0,"menu_order":0,"comment_status":"closed","ping_status":"closed","template":"","meta":{"footnotes":""},"class_list":["post-48","page","type-page","status-publish","hentry"],"jetpack_sharing_enabled":true,"_links":{"self":[{"href":"https:\/\/www.keramiksymposium-roemhild.de\/ksr\/wp-json\/wp\/v2\/pages\/48","targetHints":{"allow":["GET"]}}],"collection":[{"href":"https:\/\/www.keramiksymposium-roemhild.de\/ksr\/wp-json\/wp\/v2\/pages"}],"about":[{"href":"https:\/\/www.keramiksymposium-roemhild.de\/ksr\/wp-json\/wp\/v2\/types\/page"}],"author":[{"embeddable":true,"href":"https:\/\/www.keramiksymposium-roemhild.de\/ksr\/wp-json\/wp\/v2\/users\/4"}],"replies":[{"embeddable":true,"href":"https:\/\/www.keramiksymposium-roemhild.de\/ksr\/wp-json\/wp\/v2\/comments?post=48"}],"version-history":[{"count":11,"href":"https:\/\/www.keramiksymposium-roemhild.de\/ksr\/wp-json\/wp\/v2\/pages\/48\/revisions"}],"predecessor-version":[{"id":1451,"href":"https:\/\/www.keramiksymposium-roemhild.de\/ksr\/wp-json\/wp\/v2\/pages\/48\/revisions\/1451"}],"wp:attachment":[{"href":"https:\/\/www.keramiksymposium-roemhild.de\/ksr\/wp-json\/wp\/v2\/media?parent=48"}],"curies":[{"name":"wp","href":"https:\/\/api.w.org\/{rel}","templated":true}]}}