{"id":4,"date":"2017-01-06T12:25:41","date_gmt":"2017-01-06T11:25:41","guid":{"rendered":"http:\/\/localhost\/ksr\/?page_id=4"},"modified":"2021-11-29T07:53:22","modified_gmt":"2021-11-29T06:53:22","slug":"der-foerderverein","status":"publish","type":"page","link":"https:\/\/www.keramiksymposium-roemhild.de\/ksr\/der-foerderverein\/","title":{"rendered":"Der F\u00f6rderverein"},"content":{"rendered":"<table border=\"0\" width=\"100%\" cellspacing=\"0\" cellpadding=\"0\">\n<tbody>\n<tr>\n<td class=\"main\">Wer wir sind<\/p>\n<p>Mit der Gr\u00fcndung des F\u00f6rdervereins \u201eInternationales Keramiksymposium R\u00f6mhild e.V.\u201c im Jahre 2007 hatte sich ein Initiativkreis gebildet, der sich die anspruchsvolle Aufgabe stellte, das von 1975 bis 1993 in R\u00f6mhild etablierte Internationale Keramiksymposium nach 15 Jahren wieder zu beleben und weiter zu f\u00fchren. Bis Anfang 1990 geh\u00f6rte das Internationale Keramiksymposium R\u00f6mhild mit zu den bedeutendsten Keramiksymposien Osteuropas und war als guter \u201eMarkenname\u201c \u00fcber die Grenzen von Ostdeutschland hinaus in der Fachwelt anerkannt und bei den Keramikk\u00fcnstlern gefragt.<\/p>\n<p>Durch unerm\u00fcdliches Wirken und gro\u00dfes Engagement konnte sich der F\u00f6rderverein in relativ kurzer Zeit mit seiner Arbeit sehr viel Anerkennung erwerben und sich die Unterst\u00fctzung der Landespolitik, der Wirtschaft und der privaten \u00d6ffentlichkeit erschlie\u00dfen. Gef\u00f6rdert und getragen vom Freistaat Th\u00fcringen, dem Landkreis Hildburghausen und der Stadt R\u00f6mhild sowie vielen Sponsoren und Unterst\u00fctzern, sind 2008 das VIII., 2011 das IX., 2015 das X. und 2018 das XI. Internationale Keramiksymposium R\u00f6mhild sehr erfolgreich und mit gro\u00dfer Resonanz in der \u00d6ffentlichkeit durchgef\u00fchrt worden.<\/p>\n<p>Die Ziele des F\u00f6rdervereins sind in der Vereinssatzung formuliert.<\/td>\n<\/tr>\n<\/tbody>\n<\/table>\n<p><b><u>Zus\u00e4tzliche pdf-Dateien:<\/u><\/b><br \/>\n(Zum download anklicken)<\/p>\n<table border=\"0\" width=\"700\" cellspacing=\"0\">\n<tbody>\n<tr>\n<td class=\"main\"><span style=\"color: #ff0000;\">\u00bb<\/span> <a href=\"https:\/\/www.keramiksymposium-roemhild.de\/cdocs\/Keramik-Download-3-14.pdf\" target=\"blank\" rel=\"noopener noreferrer\">Antrag auf Mitgliedschaft<\/a><\/td>\n<\/tr>\n<tr>\n<td class=\"main\"><span style=\"color: #ff0000;\">\u00bb<\/span> <a href=\"https:\/\/www.keramiksymposium-roemhild.de\/cdocs\/Keramik-Download-3-19.pdf\" target=\"blank\" rel=\"noopener noreferrer\">Satzung<\/a><\/td>\n<\/tr>\n<\/tbody>\n<\/table>\n","protected":false},"excerpt":{"rendered":"<p>Wer wir sind Mit der Gr\u00fcndung des F\u00f6rdervereins \u201eInternationales Keramiksymposium R\u00f6mhild e.V.\u201c im Jahre 2007 hatte sich ein Initiativkreis gebildet, der sich die anspruchsvolle Aufgabe stellte, das von 1975 bis 1993 in R\u00f6mhild etablierte Internationale Keramiksymposium nach 15 Jahren wieder zu beleben und weiter zu f\u00fchren. Bis Anfang 1990 geh\u00f6rte das Internationale Keramiksymposium R\u00f6mhild mit [&hellip;]<\/p>\n","protected":false},"author":4,"featured_media":0,"parent":0,"menu_order":4,"comment_status":"closed","ping_status":"closed","template":"","meta":{"footnotes":""},"class_list":["post-4","page","type-page","status-publish","hentry"],"jetpack_sharing_enabled":true,"_links":{"self":[{"href":"https:\/\/www.keramiksymposium-roemhild.de\/ksr\/wp-json\/wp\/v2\/pages\/4","targetHints":{"allow":["GET"]}}],"collection":[{"href":"https:\/\/www.keramiksymposium-roemhild.de\/ksr\/wp-json\/wp\/v2\/pages"}],"about":[{"href":"https:\/\/www.keramiksymposium-roemhild.de\/ksr\/wp-json\/wp\/v2\/types\/page"}],"author":[{"embeddable":true,"href":"https:\/\/www.keramiksymposium-roemhild.de\/ksr\/wp-json\/wp\/v2\/users\/4"}],"replies":[{"embeddable":true,"href":"https:\/\/www.keramiksymposium-roemhild.de\/ksr\/wp-json\/wp\/v2\/comments?post=4"}],"version-history":[{"count":4,"href":"https:\/\/www.keramiksymposium-roemhild.de\/ksr\/wp-json\/wp\/v2\/pages\/4\/revisions"}],"predecessor-version":[{"id":1050,"href":"https:\/\/www.keramiksymposium-roemhild.de\/ksr\/wp-json\/wp\/v2\/pages\/4\/revisions\/1050"}],"wp:attachment":[{"href":"https:\/\/www.keramiksymposium-roemhild.de\/ksr\/wp-json\/wp\/v2\/media?parent=4"}],"curies":[{"name":"wp","href":"https:\/\/api.w.org\/{rel}","templated":true}]}}