{"id":22,"date":"2017-01-06T12:30:51","date_gmt":"2017-01-06T11:30:51","guid":{"rendered":"http:\/\/localhost\/ksr\/?page_id=22"},"modified":"2022-03-10T16:58:56","modified_gmt":"2022-03-10T15:58:56","slug":"kontakt","status":"publish","type":"page","link":"https:\/\/www.keramiksymposium-roemhild.de\/ksr\/kontakt\/","title":{"rendered":"Der Kontakt"},"content":{"rendered":"<p>F\u00f6rderverein &#8222;Internationales Keramiksymposium R\u00f6mhild&#8220; e.V.<\/p>\n<p>Postfach 1141<br \/>\n98628 R\u00f6mhild<\/p>\n<p><strong>Senden Sie uns eine Nachricht:<\/strong><\/p>\n<div role=\"form\" class=\"wpcf7\" id=\"wpcf7-f117-o1\" lang=\"de-DE\" dir=\"ltr\">\n<div class=\"screen-reader-response\"><\/div>\n<form action=\"\/ksr\/wp-json\/wp\/v2\/pages\/22#wpcf7-f117-o1\" method=\"post\" class=\"wpcf7-form\" novalidate=\"novalidate\">\n<div style=\"display: none;\">\n<input type=\"hidden\" name=\"_wpcf7\" value=\"117\" \/>\n<input type=\"hidden\" name=\"_wpcf7_version\" value=\"5.1.1\" \/>\n<input type=\"hidden\" name=\"_wpcf7_locale\" value=\"de_DE\" \/>\n<input type=\"hidden\" name=\"_wpcf7_unit_tag\" value=\"wpcf7-f117-o1\" \/>\n<input type=\"hidden\" name=\"_wpcf7_container_post\" value=\"0\" \/>\n<input type=\"hidden\" name=\"g-recaptcha-response\" value=\"\" \/>\n<\/div>\n<p><label> Ihr Name (Pflichtfeld)<br \/>\n    <span class=\"wpcf7-form-control-wrap your-name\"><input type=\"text\" name=\"your-name\" value=\"\" size=\"40\" class=\"wpcf7-form-control wpcf7-text wpcf7-validates-as-required\" aria-required=\"true\" aria-invalid=\"false\" \/><\/span> <\/label><\/p>\n<p><label> Ihre E-Mail-Adresse (Pflichtfeld)<br \/>\n    <span class=\"wpcf7-form-control-wrap your-email\"><input type=\"email\" name=\"your-email\" value=\"\" size=\"40\" class=\"wpcf7-form-control wpcf7-text wpcf7-email wpcf7-validates-as-required wpcf7-validates-as-email\" aria-required=\"true\" aria-invalid=\"false\" \/><\/span> <\/label><\/p>\n<p><label> Betreff<br \/>\n    <span class=\"wpcf7-form-control-wrap your-subject\"><input type=\"text\" name=\"your-subject\" value=\"\" size=\"40\" class=\"wpcf7-form-control wpcf7-text\" aria-invalid=\"false\" \/><\/span> <\/label><\/p>\n<p><label> Ihre Nachricht<br \/>\n    <span class=\"wpcf7-form-control-wrap your-message\"><textarea name=\"your-message\" cols=\"40\" rows=\"10\" class=\"wpcf7-form-control wpcf7-textarea\" aria-invalid=\"false\"><\/textarea><\/span> <\/label><\/p>\n<p><span class=\"wpcf7-form-control-wrap checkbox-450\"><span class=\"wpcf7-form-control wpcf7-checkbox wpcf7-validates-as-required\"><span class=\"wpcf7-list-item first last\"><input type=\"checkbox\" name=\"checkbox-450[]\" value=\"Ich habe die Datenschutzerkl\u00e4rung gelesen und bin damit einverstanden. Durch das Versenden stimme ich zu, dass meine Angaben und Daten zur Beantwortung meiner Anfrage elektronisch erhoben und gespeichert werden. Eine Auskunft oder L\u00f6schung der gespeicherten Daten k\u00f6nnen Sie jederzeit veranlassen.\" \/><span class=\"wpcf7-list-item-label\">Ich habe die Datenschutzerkl\u00e4rung gelesen und bin damit einverstanden. Durch das Versenden stimme ich zu, dass meine Angaben und Daten zur Beantwortung meiner Anfrage elektronisch erhoben und gespeichert werden. Eine Auskunft oder L\u00f6schung der gespeicherten Daten k\u00f6nnen Sie jederzeit veranlassen.<\/span><\/span><\/span><\/span><\/p>\n<p><input type=\"submit\" value=\"Senden\" class=\"wpcf7-form-control wpcf7-submit\" \/><\/p>\n<div class=\"wpcf7-response-output wpcf7-display-none\"><\/div><\/form><\/div>\n<p><a href=\"https:\/\/www.keramiksymposium-roemhild.de\/ksr\/?page_id=738\" target=\"_blank\" rel=\"noopener noreferrer\"><span style=\"color: #ff0000;\">Hier geht es zu unserer Datenschutzerkl\u00e4rung.<\/span><\/a><\/p>\n","protected":false},"excerpt":{"rendered":"<p>F\u00f6rderverein &#8222;Internationales Keramiksymposium R\u00f6mhild&#8220; e.V. Postfach 1141 98628 R\u00f6mhild Senden Sie uns eine Nachricht: Hier geht es zu unserer Datenschutzerkl\u00e4rung.<\/p>\n","protected":false},"author":4,"featured_media":0,"parent":0,"menu_order":0,"comment_status":"closed","ping_status":"closed","template":"","meta":{"footnotes":""},"class_list":["post-22","page","type-page","status-publish","hentry"],"jetpack_sharing_enabled":true,"_links":{"self":[{"href":"https:\/\/www.keramiksymposium-roemhild.de\/ksr\/wp-json\/wp\/v2\/pages\/22","targetHints":{"allow":["GET"]}}],"collection":[{"href":"https:\/\/www.keramiksymposium-roemhild.de\/ksr\/wp-json\/wp\/v2\/pages"}],"about":[{"href":"https:\/\/www.keramiksymposium-roemhild.de\/ksr\/wp-json\/wp\/v2\/types\/page"}],"author":[{"embeddable":true,"href":"https:\/\/www.keramiksymposium-roemhild.de\/ksr\/wp-json\/wp\/v2\/users\/4"}],"replies":[{"embeddable":true,"href":"https:\/\/www.keramiksymposium-roemhild.de\/ksr\/wp-json\/wp\/v2\/comments?post=22"}],"version-history":[{"count":11,"href":"https:\/\/www.keramiksymposium-roemhild.de\/ksr\/wp-json\/wp\/v2\/pages\/22\/revisions"}],"predecessor-version":[{"id":1343,"href":"https:\/\/www.keramiksymposium-roemhild.de\/ksr\/wp-json\/wp\/v2\/pages\/22\/revisions\/1343"}],"wp:attachment":[{"href":"https:\/\/www.keramiksymposium-roemhild.de\/ksr\/wp-json\/wp\/v2\/media?parent=22"}],"curies":[{"name":"wp","href":"https:\/\/api.w.org\/{rel}","templated":true}]}}