{"id":1452,"date":"2025-02-19T12:05:00","date_gmt":"2025-02-19T11:05:00","guid":{"rendered":"https:\/\/www.keramiksymposium-roemhild.de\/ksr\/?page_id=1452"},"modified":"2026-03-31T15:03:16","modified_gmt":"2026-03-31T13:03:16","slug":"xiii-syposium-2026","status":"publish","type":"page","link":"https:\/\/www.keramiksymposium-roemhild.de\/ksr\/die-symposien\/xiii-syposium-2026\/","title":{"rendered":"XIII. Symposium 2026"},"content":{"rendered":"\n<p class=\"has-vivid-green-cyan-color has-text-color has-link-color wp-elements-e218c88af4892b78ce0c8d251eae36e9\"><em>R\u00f6mhild, Februar 2025<\/em><\/p>\n\n\n\n<p>Das XIII. Internationale Keramiksymposium R\u00f6mhild&nbsp;unter dem Motto <strong>\u201eMetamorphose &#8211; Keramik im Wandel der Kulturen\u201c&nbsp;<\/strong>findet vom&nbsp;<strong>05.10. bis zum 31.10.2026&nbsp;<\/strong>auf Schloss Gl\u00fccksburg statt.<\/p>\n\n\n\n<figure class=\"wp-block-image size-large is-resized\"><img loading=\"lazy\" decoding=\"async\" width=\"768\" height=\"1024\" src=\"https:\/\/www.keramiksymposium-roemhild.de\/ksr\/wp-content\/uploads\/csm_Schloss_dfc3c48f72-1-768x1024.jpg\" alt=\"\" class=\"wp-image-1453\" style=\"width:305px;height:auto\" srcset=\"https:\/\/www.keramiksymposium-roemhild.de\/ksr\/wp-content\/uploads\/csm_Schloss_dfc3c48f72-1-768x1024.jpg 768w, https:\/\/www.keramiksymposium-roemhild.de\/ksr\/wp-content\/uploads\/csm_Schloss_dfc3c48f72-1-225x300.jpg 225w, https:\/\/www.keramiksymposium-roemhild.de\/ksr\/wp-content\/uploads\/csm_Schloss_dfc3c48f72-1-618x824.jpg 618w, https:\/\/www.keramiksymposium-roemhild.de\/ksr\/wp-content\/uploads\/csm_Schloss_dfc3c48f72-1-333x444.jpg 333w, https:\/\/www.keramiksymposium-roemhild.de\/ksr\/wp-content\/uploads\/csm_Schloss_dfc3c48f72-1.jpg 900w\" sizes=\"auto, (max-width: 768px) 100vw, 768px\" \/><figcaption class=\"wp-element-caption\">Schloss Gl\u00fccksburg, Quelle: Stadt R\u00f6mhild<\/figcaption><\/figure>\n\n\n\n<p>Alle Informationen zur Teilnahme und Bewerbung sind in den unten stehenden Ausschreibungen zu finden.<\/p>\n\n\n\n<p>Keramiker\/innen: <\/p>\n\n\n\n<div class=\"wp-block-file\"><a id=\"wp-block-file--media-9c3df836-ccd7-485f-8db2-0e2bb40d8b98\" href=\"https:\/\/www.keramiksymposium-roemhild.de\/ksr\/wp-content\/uploads\/Ausschreibung-Kuenstler_de.docx\">Ausschreibung Kuenstler_de<\/a><a href=\"https:\/\/www.keramiksymposium-roemhild.de\/ksr\/wp-content\/uploads\/Ausschreibung-Kuenstler_de.docx\" class=\"wp-block-file__button wp-element-button\" download aria-describedby=\"wp-block-file--media-9c3df836-ccd7-485f-8db2-0e2bb40d8b98\">Herunterladen<\/a><\/div>\n\n\n\n<div class=\"wp-block-file\"><a id=\"wp-block-file--media-a2a10cdf-4abd-4e18-a700-bb35e80654b8\" href=\"https:\/\/www.keramiksymposium-roemhild.de\/ksr\/wp-content\/uploads\/Ausschreibung-Kuenstler_Call-for-application_en.docx\">Ausschreibung Kuenstler_Call for application_en<\/a><a href=\"https:\/\/www.keramiksymposium-roemhild.de\/ksr\/wp-content\/uploads\/Ausschreibung-Kuenstler_Call-for-application_en.docx\" class=\"wp-block-file__button wp-element-button\" download aria-describedby=\"wp-block-file--media-a2a10cdf-4abd-4e18-a700-bb35e80654b8\">Herunterladen<\/a><\/div>\n\n\n\n<p><\/p>\n\n\n\n<p>Technische Leitung:<\/p>\n\n\n\n<div class=\"wp-block-file\"><a id=\"wp-block-file--media-aecad168-ea2b-4c43-b14f-bf89ebd16278\" href=\"https:\/\/www.keramiksymposium-roemhild.de\/ksr\/wp-content\/uploads\/Ausschreibung-Symposium-2026-technische-Leitung.docx\">Ausschreibung Symposium 2026 technische Leitung<\/a><a href=\"https:\/\/www.keramiksymposium-roemhild.de\/ksr\/wp-content\/uploads\/Ausschreibung-Symposium-2026-technische-Leitung.docx\" class=\"wp-block-file__button wp-element-button\" download aria-describedby=\"wp-block-file--media-aecad168-ea2b-4c43-b14f-bf89ebd16278\">Herunterladen<\/a><\/div>\n\n\n\n<p><\/p>\n\n\n\n<p>Der Bewerbungsschluss f\u00fcr interessierte K\u00fcnstlerinnen und K\u00fcnstler und die technische Leitung ist der <strong>30.09.2025<\/strong>.<\/p>\n\n\n\n<p>Es wird eine kompetente Fach-Jury zur Auswahl der K\u00fcnstler tagen.<br>Die Jurymitglieder sind:<\/p>\n\n\n\n<ul class=\"wp-block-list\">\n<li>Frau Dr. Renate Luckner-Bien, Renate (Deutschland, Halle\/Saale, freiberufliche Publizistin und Kuratorin)<\/li>\n\n\n\n<li>Frau Kerstin Schneider, (Deutschland, R\u00f6mhild, Leiterin St\u00e4dtisches Museum Schloss Gl\u00fccksburg R\u00f6mhild)<\/li>\n\n\n\n<li>Herr Gernot Fritzsche (Deutschland, Suhl, selbst\u00e4ndiger Keramiker und Mitglied der T\u00f6pferinnung Th\u00fcringen)<\/li>\n\n\n\n<li>Herr Johannes Nagel (Deutschland, Halle\/Saale, freischaffender K\u00fcnstler)<\/li>\n\n\n\n<li>Frau Michaela Biet (Deutschland, N\u00fcrnberg, freischaffende Bildhauerin)<\/li>\n\n\n\n<li>Herr Bernd Pfannkuche (Deutschland, H\u00f6hr-Grenzhausen, Herausgeber Verlag \u201eNeue Keramik\u201c)<\/li>\n<\/ul>\n\n\n\n<p>Bis zum 31.12.2025 werden die ausgew\u00e4hlten K\u00fcnstlerinnen und K\u00fcnstler vom Verein informiert.<\/p>\n\n\n\n<p class=\"has-vivid-green-cyan-color has-text-color has-link-color wp-elements-26a1e9c2a00a90ded12beda0ef979688\"><em>R\u00f6mhild, November 2025<\/em><\/p>\n\n\n\n<p><strong>Aktuelle Informationen zur Vorbereitung des XIII. Internationalen Keramiksymposium R\u00f6mhild 2026<\/strong><\/p>\n\n\n\n<p>Am 20.11.2025 traf sich wie geplant die Jury zur Auswahl der K\u00fcnstler*innen f\u00fcr das XIII. Internationale Keramiksymposium 2026 in der Herzog Bernhard Regelschule R\u00f6mhild.<\/p>\n\n\n\n<p>Von ca. 40 Bewerbern aus der gesamten Welt wurden 8 K\u00fcnstler*innen f\u00fcr die Teilnahme am XIII. Internationalen Keramiksymposium 2026 in R\u00f6mhild ausgew\u00e4hlt.<\/p>\n\n\n\n<p>Die Jury entschied sich f\u00fcr<\/p>\n\n\n\n<ul class=\"wp-block-list\">\n<li>Viktoria Maroti (Ungarn)<\/li>\n\n\n\n<li>Philsoo Heo (Deutschland)<\/li>\n\n\n\n<li>Judith Runge (Deutschland)<\/li>\n\n\n\n<li>Christian Pilz (Gro\u00dfbritannien)<\/li>\n\n\n\n<li>Hyujin Kim (S\u00fcdkorea)<\/li>\n\n\n\n<li>Maria Gezler (Ungarn)<\/li>\n\n\n\n<li>Mathieu Duval (Frankreich)<\/li>\n\n\n\n<li>Ulrike Seilacher (Deutschland)&nbsp;&nbsp;&nbsp;<\/li>\n<\/ul>\n\n\n\n<p>Diese 8 K\u00fcnstler*innen werden in den n\u00e4chsten Tagen \u00fcber den Entscheid der Jury zur Teilnahme am XIII. Internationalen Keramiksymposium in R\u00f6mhild 2026 informiert.<\/p>\n\n\n\n<p>In der Zeit vom 05.10. bis 31.10.2026 hoffen wir alle 8 als G\u00e4ste in der Stadt R\u00f6mhild begr\u00fc\u00dfen zu d\u00fcrfen.<\/p>\n\n\n\n<p>Als technische Leiterin wird Frau Katja Jaroschewski fungieren. Das XIII. Internationale Keramiksymposium R\u00f6mhild wird von Frau Dr. Ruth Heftrich als Kuratorin begleitet.<\/p>\n\n\n\n<p class=\"has-vivid-green-cyan-color has-text-color has-link-color wp-elements-9715882daeb40b0fc34110aaa6fb0e04\"><em>R\u00f6mhild, M\u00e4rz 2026<\/em><\/p>\n\n\n\n<p>Die Vorbereitungen zum XIII. Internationalen Keramiksymposium R\u00f6mhild schreiten voran.<\/p>\n\n\n\n<p>Folgende acht K\u00fcnstler*innen haben Ihre Teilnahme zugesagt: <br><br>Viktoria Maroti, Philsoo Heo, Judith Runge, Christian Pilz, Hyujin Kim, Mathieu Duval, Ulrike Seilacher und Ricus Sebes<\/p>\n\n\n\n<p>Die technische Leitung \u00fcbernimmt Katja Jaroschewski.<\/p>\n\n\n\n<p>Wir freuen uns sehr die G\u00e4ste im Oktober in der Keramikstadt R\u00f6mhild begr\u00fc\u00dfen zu d\u00fcrfen.<\/p>\n\n\n\n<p><\/p>\n\n\n\n<p><\/p>\n\n\n\n<p><\/p>\n","protected":false},"excerpt":{"rendered":"<p>R\u00f6mhild, Februar 2025 Das XIII. Internationale Keramiksymposium R\u00f6mhild&nbsp;unter dem Motto \u201eMetamorphose &#8211; Keramik im Wandel der Kulturen\u201c&nbsp;findet vom&nbsp;05.10. bis zum 31.10.2026&nbsp;auf Schloss Gl\u00fccksburg statt. Alle Informationen zur Teilnahme und Bewerbung sind in den unten stehenden Ausschreibungen zu finden. Keramiker\/innen: Technische Leitung: Der Bewerbungsschluss f\u00fcr interessierte K\u00fcnstlerinnen und K\u00fcnstler und die technische Leitung ist der 30.09.2025. [&hellip;]<\/p>\n","protected":false},"author":4,"featured_media":0,"parent":48,"menu_order":1,"comment_status":"closed","ping_status":"closed","template":"","meta":{"footnotes":""},"class_list":["post-1452","page","type-page","status-publish","hentry"],"jetpack_sharing_enabled":true,"_links":{"self":[{"href":"https:\/\/www.keramiksymposium-roemhild.de\/ksr\/wp-json\/wp\/v2\/pages\/1452","targetHints":{"allow":["GET"]}}],"collection":[{"href":"https:\/\/www.keramiksymposium-roemhild.de\/ksr\/wp-json\/wp\/v2\/pages"}],"about":[{"href":"https:\/\/www.keramiksymposium-roemhild.de\/ksr\/wp-json\/wp\/v2\/types\/page"}],"author":[{"embeddable":true,"href":"https:\/\/www.keramiksymposium-roemhild.de\/ksr\/wp-json\/wp\/v2\/users\/4"}],"replies":[{"embeddable":true,"href":"https:\/\/www.keramiksymposium-roemhild.de\/ksr\/wp-json\/wp\/v2\/comments?post=1452"}],"version-history":[{"count":11,"href":"https:\/\/www.keramiksymposium-roemhild.de\/ksr\/wp-json\/wp\/v2\/pages\/1452\/revisions"}],"predecessor-version":[{"id":1485,"href":"https:\/\/www.keramiksymposium-roemhild.de\/ksr\/wp-json\/wp\/v2\/pages\/1452\/revisions\/1485"}],"up":[{"embeddable":true,"href":"https:\/\/www.keramiksymposium-roemhild.de\/ksr\/wp-json\/wp\/v2\/pages\/48"}],"wp:attachment":[{"href":"https:\/\/www.keramiksymposium-roemhild.de\/ksr\/wp-json\/wp\/v2\/media?parent=1452"}],"curies":[{"name":"wp","href":"https:\/\/api.w.org\/{rel}","templated":true}]}}