{"id":1192,"date":"2021-08-24T08:49:21","date_gmt":"2021-08-24T06:49:21","guid":{"rendered":"https:\/\/www.keramiksymposium-roemhild.de\/ksr\/?page_id=1192"},"modified":"2021-11-30T09:57:02","modified_gmt":"2021-11-30T08:57:02","slug":"pressemitteilungen-2021","status":"publish","type":"page","link":"https:\/\/www.keramiksymposium-roemhild.de\/ksr\/presse-medien-3\/pressemitteilungen-2021\/","title":{"rendered":"Pressemitteilungen 2021"},"content":{"rendered":"<div>\n<div class=\"article-header\">\n<div>\u00a0<\/div>\n<div id=\"contentTitle\" class=\"ng-binding\"><strong>Die Liste der K\u00fcnstler steht: Juroren w\u00e4hlen acht aus 68 <br \/><\/strong><\/div>\n<div><span style=\"color: #648503;\">Freies Wort 29.11.2021<\/span><\/div>\n<div>\u00a0<\/div>\n<div class=\"ng-binding\"><span class=\"vorspann\">Die Teilnehmer f\u00fcr das zw\u00f6lfte Internationale Keramiksymposium in R\u00f6mhild im August 2022 stehen fest. Die Jury w\u00e4hlte aus 68 Bewerbungen acht Kandidaten aus.<span class=\"autor\"><em> Von Daniela Rust<\/em> <\/span> <\/span><\/div>\n<\/div>\n<div id=\"contentBody\" class=\"article-body ng-binding\">\n<div class=\"article-body article-type-normal\">\n<p><span class=\"ortsmarke\"><strong>R\u00f6mhild.<\/strong> <\/span>Eigentlich h\u00e4tte sich in diesem August die Keramikwelt in R\u00f6mhild getroffen, h\u00e4tte vier Wochen lang neue Kunst geschaffen, sich ausgetauscht, gelernt, vernetzt , w\u00e4re an Erfahrungen gewachsen. Stattdessen blieben das Atelier und die Brenn\u00f6fen leer \u2013 wieder einmal zerst\u00f6rte die Pandemie Pl\u00e4ne. Verzagen wollte man deshalb beim F\u00f6rderverein \u201eInternationales Keramiksymposium R\u00f6mhild e.V.\u201c allerdings nicht. Eine neue L\u00f6sung wurde gefunden: Die Organisatoren einigten sich im vergangenen Jahr darauf, das internationale Event um ein Jahr zu verschieben also auf den August 2022. Analog dazu wurde laut Rotraut Peter, zweite Vorsitzende des F\u00f6rdervereins, die Bewerbungsfrist um ein Jahr verl\u00e4ngert.<\/p>\n<p class=\"zwischenzeile\">Aufkeimende Hoffnung<\/p>\n<p>\u201eIm vergangenen Jahr hatten sich wenige K\u00fcnstler beworben, weil ja niemand wusste, ob Reisen wieder m\u00f6glich wird\u201c, sagte sie. In diesem Jahr scheint die Hoffnung auf Normalit\u00e4t wieder angestiegen zu sein: 68 Bewerbungen erreichten die R\u00f6mhilder. Diese 68 Bewerbungen galt es zu sichten und auszuwerten, um am Ende acht Teilnehmer auszuw\u00e4hlen. Dazu traf sich die Jury in der Herzog-Bernhard-Schule in R\u00f6mhild \u2013 ein Teil in Pr\u00e4senz, ein Teil wurde aus aller Welt digital zugeschaltet.<\/p>\n<p>Die Jury setzte sich zusammen aus Kerstin Schneider, Leiterin des st\u00e4dtischen Museums Schloss Gl\u00fccksburg in R\u00f6mhild, Gernot Fritzsche, selbstst\u00e4ndiger Keramiker aus Suhl, Johannes Nagel, freischaffender K\u00fcnstler aus Halle, Ruth Heftrig \u2013 sie ist gleichzeitig die beauftragte Kuratorin f\u00fcr das zw\u00f6lfte Symposium. Au\u00dferdem bei den Juroren dabei waren Marc Leuthold, Professor an der State University of New York, Sehmih Kaplan, freischaffender K\u00fcnstler aus dem t\u00fcrkischen Eskisehir, Renate Luckner-Bien, freiberufliche Publizistin und Kuratorin aus Halle und Bernd Pfannekuche, Gesch\u00e4ftsleitung Verlag \u201e Neue Keramik \u201e aus H\u00f6hr-Grenzhausen.<\/p>\n<p class=\"zwischenzeile\">68 Bewerber<\/p>\n<p>Die Keramikkunstspezialisten schauten sich alle 68 Bewerbungen gemeinsam an und fokussierten sich vordergr\u00fcndig auf das k\u00fcnstlerische Werk, das in den Unterlagen pr\u00e4sentiert wurde. Und das Werk war so vielf\u00e4ltig wie die Herkunft der K\u00fcnstler, ihre Arbeitstechniken, ihre Ideen, reichte von filigranen Kunstwerken bis hinzu gro\u00dfen Outdoor-Installationen. Die Juroren schauten sich Objekte aus Keramikkugel an, Kunst im Wasser gef\u00fcllten Kunststoffbeutel, keramische Flechtarbeiten, farbenfrohe Objekte, einfarbige Keramiken, Skulpturen, Gebrauchskeramik, Materialmixturen, Mosaike, Bilder, an Fossilien erinnernde Gebilde. Die Arbeiten wurden aus vielen Teilen der Welt eingereicht: Deutschland, Jordanien, China, Japan, Polen, \u00d6sterreich, S\u00fcdkoreaSpanien, Schweiz.<\/p>\n<p>Nachdem sich die Juroren eine Tag lang der Qual der Wahl stellten, entschieden sie sich am Ende des Tages f\u00fcr vier K\u00fcnstlerinnen und vier K\u00fcnstler und nominierten diese f\u00fcr das zw\u00f6lfte Symposium, das vom 31. Juli 2022 bis zum 28. August 2022 in der Gleichbergstadt stattfinden wird. Die Wahl fiel auf Stephanie Ross aus Deutschland, Dora Varkonyi aus Ungarn, Alberto Bustos aus Spanien, Michaela Biet aus Deutschland, Yurity Musatov aus der Ukraine, Ping Qiu aus China, Lim Sunbin aus S\u00fcdkorea und Song Zhifeng aus China.<\/p>\n<p class=\"zwischenzeile\">Zusatzkandidaten<\/p>\n<p>Zus\u00e4tzlich wurden Nachr\u00fcckekandidaten nominiert, falls jemand ausfallen sollte: Hermann Gr\u00fcneberg aus Deutschland, Ivan Kanchev aus Bulgarien, Jan Herzog aus Deutschland, Elke Sada aus Deutschland und Yuan Yuan aus China.<\/p>\n<p>Diese K\u00fcnstler werden in den n\u00e4chsten Tagen \u00fcber den Entscheid der Jury zur Teilnahme informiert.<\/p>\n<p>Als Schirmherr f\u00fcr das Internationale Keramiksymposium fungiert 2022 der Hildburgh\u00e4user Landrat Thomas M\u00fcller. Technischer Leiter wird Herr Joachim Lambrecht, ehemaliger Teilnehmer am Symposium 2018, sein. Thema f\u00fcr das k\u00fcnstlerische Schaffen der internationalen Keramiker in R\u00f6mhild im n\u00e4chsten Jahr ist \u201eDie Kraft der Kunst\u201c.<\/p>\n<p>\u00a0<\/p>\n<\/div>\n<\/div>\n<\/div>\n<p><strong>Der Geist des Ortes durchstreift R\u00f6mhild<br \/><\/strong><span style=\"color: #648503;\">Freies Wort 29.10.2021<\/span><strong><br \/><\/strong><\/p>\n<p>In K\u00fcrze wird in R\u00f6mhild ein weiteres Kunstwerk in der \u00d6ffentlichkeit zu sehen sein, das von einer Teilnehmerin des Internationalen Keramik-Symposiums 2015 erschaffen wurde. Kurt Lautensack<\/p>\n<p><strong><a class=\"fancybox image\" href=\"https:\/\/www.xn--hbs-rmhild-icb.de\/wp-content\/uploads\/2111-Kunst-Schule.jpg\"><img loading=\"lazy\" decoding=\"async\" class=\"alignnone wp-image-16555 size-large\" src=\"https:\/\/www.xn--hbs-rmhild-icb.de\/wp-content\/uploads\/2111-Kunst-Schule-800x462.jpg\" sizes=\"auto, (max-width: 640px) 100vw, 640px\" srcset=\"https:\/\/www.xn--hbs-rmhild-icb.de\/wp-content\/uploads\/2111-Kunst-Schule-800x462.jpg 800w, https:\/\/www.xn--hbs-rmhild-icb.de\/wp-content\/uploads\/2111-Kunst-Schule-300x173.jpg 300w, https:\/\/www.xn--hbs-rmhild-icb.de\/wp-content\/uploads\/2111-Kunst-Schule-768x444.jpg 768w, https:\/\/www.xn--hbs-rmhild-icb.de\/wp-content\/uploads\/2111-Kunst-Schule.jpg 1039w\" alt=\"\" width=\"640\" height=\"370\" \/><\/a><\/strong><\/p>\n<p>R\u00f6mhild. Das Kunstwerk ist eine Gro\u00dfkeramik der K\u00fcnstlerin Sylvia Nagy \u2013 es bekommt seinen Platz auf dem Gel\u00e4nde der Herzog Bernhard-Regelschule im Bereich der Weggabelung \u201eAn der Spring\/Steinweg\u201c. Sylvia Nagy aus den USA geh\u00f6rte zu den acht Teilnehmern des X. Internationalen Keramiksymposiums 2015 in R\u00f6mhild, erkl\u00e4rte Marion Martin Vorstandsmitglied des F\u00f6rdervereins \u201eInternationales Keramiksymposium R\u00f6mhild e.\u200aV.\u201c Das Motto des damaligen Symposiums lautete \u201eGenius Loci, der Geist des Ortes\u201c. Mit dem Motto sollte Bezug genommen werden auf die lange Tradition, auf die der Workshop in R\u00f6mhild zur\u00fcckblicken konnte. Bereits mit der Gr\u00fcndung des F\u00f6rdervereins im Jahre 2007 hatte sich der Initiativkreis die anspruchsvolle Aufgabe zum Ziel gesetzt, diese Tradition der Symposien wieder aufleben zu lassen. Denn bereits von 1975 bis 1993 hatte sich in R\u00f6mhild das Internationale Keramiksymposium etabliert, das bis 1990 zu den bedeutendsten Keramiksymposien im \u00f6stlichen Europa geh\u00f6rte und l\u00e4ngst ein \u201eMarkenname\u201c war. Das sollte 15 Jahre sp\u00e4ter \u2013 im Jahr 2008 \u2013 seine Fortsetzung finden. Das damalige Motto lautete \u201eWie Ph\u00f6nix aus der Asche\u201c, was durchaus dem entsprach, was sich seitdem in R\u00f6mhild entwickelt hatte und in alle Erdteile ausstrahlte, betrachtet man die internationale Teilnehmerschaft. Inzwischen laufen die Vorbereitungen f\u00fcr das XII. Keramiksymposium 2022, zu dem bereits der Bewerbungszeitraum im September 2021 geendet hatte.<\/p>\n<p>Teilgenommen hatte 2008 auch der Keramiker Peter Weber aus K\u00fchndorf, der zum Thema \u201eHydrothermales Brennen\u201c, einer uralten keltischen Brenntechnik, einen keltischen Brennofen aus Ton nachgebaut hatte. Er ist zust\u00e4ndig f\u00fcr die Aufstellung der Gro\u00dfkeramik der US-K\u00fcnstlerin. Denn die bisher bei den Symposien hergestellten Kunstwerke versuche der F\u00f6rderverein nat\u00fcrlich auch auszustellen, erkl\u00e4rte Marion Martin, die im Vorstand f\u00fcr Ausstellungen verantwortlich ist. Dabei verwies sie auf die gegenw\u00e4rtig stattfindende Schaufenster-Aktion in R\u00f6mhild, bei der verschiedene Ausstellungsst\u00fccke pr\u00e4sentiert werden.<\/p>\n<p>Weitere Kunstwerke sind im Museum der Gl\u00fccksburg sowie im R\u00fcstsaal des Schlosses zu sehen. Verst\u00e4ndlich, dass die Symposiums-Teilnehmer irgendwann und irgendwo auch ihre Werke sehen m\u00f6chten. Doch daf\u00fcr immer die geeigneten Standorte zu finden, so Martin, sei gar nicht so einfach. Denn ein solches Kunstwerk soll einerseits der \u00d6ffentlichkeit zug\u00e4nglich sei, andererseits nat\u00fcrlich auch eine gewisse Sicherheit garantieren, was den Standort betreffe.<\/p>\n<p>So stand auch das Problem bei der Suche nach einem geeigneten Platz f\u00fcr die Gro\u00dfskulptur der K\u00fcnstlerin Sylvia Nagy. Gebrannt worden sei sie nach der K\u00fcnstlervorlage und den dazu von Nagy genau beschrieben Angaben 2018 vom Keramiker Armin Rieger, der inzwischen leider verstorben sei. Die Installation am genannten Standort an der Regelschule erm\u00f6gliche Schulleiter Ralf Schellenberger, selbst Mitglied im F\u00f6rderverein, w\u00e4hrend Keramiker Peter Weber gemeinsam mit Handwerker-Fachmann und Vereinsmitglied Rolf M\u00fcller aus R\u00f6mhild die Aufstellung \u00fcbernommen hat. Die f\u00fcr die Aufstellung der Gro\u00dfkeramik erforderliche Betonfl\u00e4che von drei mal vier Metern wurde vom Landschaftsbau Stephan Sch\u00fcler gegossen. Der st\u00e4dtische Bauhof transportierte die Teile zur Schule. Und nat\u00fcrlich sind beim Aufstellen der Skulptur auch helfende H\u00e4nde gerne gesehen.<\/p>\n<p><img loading=\"lazy\" decoding=\"async\" class=\"alignleft wp-image-16551\" src=\"https:\/\/www.xn--hbs-rmhild-icb.de\/wp-content\/uploads\/2111-Kunst-Schule-2.jpg\" sizes=\"auto, (max-width: 223px) 100vw, 223px\" srcset=\"https:\/\/www.xn--hbs-rmhild-icb.de\/wp-content\/uploads\/2111-Kunst-Schule-2.jpg 365w, https:\/\/www.xn--hbs-rmhild-icb.de\/wp-content\/uploads\/2111-Kunst-Schule-2-226x300.jpg 226w\" alt=\"\" width=\"223\" height=\"297\" \/><\/p>\n<p>Eine solche Skulptur mit einer H\u00f6he von etwa zweieinhalb Metern sei nicht in wenigen Stunden erledigt, erkl\u00e4ren die beiden Fachm\u00e4nner, weil es dabei eine Menge zu beachten gebe. Die Einzelteile bestehen aus Grau- und Schwarzton, wobei die gr\u00f6\u00dferen Teile mit einer Stahlbewehrung versehen sind. Die Einzelteile m\u00fcssen zun\u00e4chst vor Ort einander angepasst werden, um nach weiteren n\u00f6tigen Vorbereitungen in der Werkstatt oder vor Ort verklebt zu werden. Der in den Teilen vorhandene Hohlraum wird zur weiteren Stabilit\u00e4t vorher ausgesch\u00e4umt. Au\u00dferdem m\u00fcsse der Standort trocken sein, um eine gute Bodenhaftung beim Kleben der beiden S\u00e4ulen zu erreichen. Nicht unwesentlich ist beim Zusammenf\u00fcgen und Aufstellen vor allem das m\u00e4chtige Gewicht der Keramikteile. Wenn die gesamte Skulptur steht, soll das Kunstwerk schlie\u00dflich ein ansprechendes Bild abgeben. Verantwortlich f\u00fcr die Aufstellung zeichnet der F\u00f6rderverein.<\/p>\n<p>Zur K\u00fcnstlerin<\/p>\n<p>Sylvia Nagy, USA, wurde in Budapest (Ungarn) geboren. Sie studierte ab 1976 an der Technical School of Ceramics in Budapest, ab 1979 Keramik und industrielles Design an der Moholy-Nagy-University of Art and Design in Budapest und von 1989-1990 Keramikdesign an der Parsons School of Design, New York(USA). Sylvia Nagy ist Mitglied in der International Academy of Ceramic Art(IAC). Seit 1984 wurden ihre Arbeiten in zahlreichen L\u00e4ndern gezeigt. Sie erhielt viele Preise, darunter den Spezialpreis des Internationalen Studios Kecskemet zur Nationalen Keramikbiennale 1988 in Ungarn und mehrere Preise der BWAC Gallery New York (2011,2013 und 2014). Die K\u00fcnstlerin lebt und arbeitet in New York.<\/p>\n<p>\u00a0<\/p>\n<p><span style=\"color: #597502;\">Freies Wort 23.08.21<\/span><\/p>\n\n\n<figure class=\"wp-block-image\"><img loading=\"lazy\" decoding=\"async\" width=\"704\" height=\"865\" src=\"https:\/\/www.keramiksymposium-roemhild.de\/ksr\/wp-content\/uploads\/2108-FW-Markt.jpg\" alt=\"\" class=\"wp-image-1193\" srcset=\"https:\/\/www.keramiksymposium-roemhild.de\/ksr\/wp-content\/uploads\/2108-FW-Markt.jpg 704w, https:\/\/www.keramiksymposium-roemhild.de\/ksr\/wp-content\/uploads\/2108-FW-Markt-244x300.jpg 244w, https:\/\/www.keramiksymposium-roemhild.de\/ksr\/wp-content\/uploads\/2108-FW-Markt-618x759.jpg 618w, https:\/\/www.keramiksymposium-roemhild.de\/ksr\/wp-content\/uploads\/2108-FW-Markt-361x444.jpg 361w\" sizes=\"auto, (max-width: 704px) 100vw, 704px\" \/><\/figure>\n\n\n\n<figure class=\"wp-block-image\"><img loading=\"lazy\" decoding=\"async\" width=\"1024\" height=\"440\" src=\"https:\/\/www.keramiksymposium-roemhild.de\/ksr\/wp-content\/uploads\/2108-FW-Atelier-1024x440.jpg\" alt=\"\" class=\"wp-image-1194\" srcset=\"https:\/\/www.keramiksymposium-roemhild.de\/ksr\/wp-content\/uploads\/2108-FW-Atelier-1024x440.jpg 1024w, https:\/\/www.keramiksymposium-roemhild.de\/ksr\/wp-content\/uploads\/2108-FW-Atelier-300x129.jpg 300w, https:\/\/www.keramiksymposium-roemhild.de\/ksr\/wp-content\/uploads\/2108-FW-Atelier-768x330.jpg 768w, https:\/\/www.keramiksymposium-roemhild.de\/ksr\/wp-content\/uploads\/2108-FW-Atelier-618x266.jpg 618w, https:\/\/www.keramiksymposium-roemhild.de\/ksr\/wp-content\/uploads\/2108-FW-Atelier-444x191.jpg 444w, https:\/\/www.keramiksymposium-roemhild.de\/ksr\/wp-content\/uploads\/2108-FW-Atelier.jpg 1124w\" sizes=\"auto, (max-width: 1024px) 100vw, 1024px\" \/><\/figure>\n","protected":false},"excerpt":{"rendered":"<p>\u00a0 Die Liste der K\u00fcnstler steht: Juroren w\u00e4hlen acht aus 68 Freies Wort 29.11.2021 \u00a0 Die Teilnehmer f\u00fcr das zw\u00f6lfte Internationale Keramiksymposium in R\u00f6mhild im August 2022 stehen fest. Die Jury w\u00e4hlte aus 68 Bewerbungen acht Kandidaten aus. Von Daniela Rust R\u00f6mhild. Eigentlich h\u00e4tte sich in diesem August die Keramikwelt in R\u00f6mhild getroffen, h\u00e4tte vier [&hellip;]<\/p>\n","protected":false},"author":4,"featured_media":0,"parent":481,"menu_order":0,"comment_status":"closed","ping_status":"closed","template":"","meta":{"footnotes":""},"class_list":["post-1192","page","type-page","status-publish","hentry"],"jetpack_sharing_enabled":true,"_links":{"self":[{"href":"https:\/\/www.keramiksymposium-roemhild.de\/ksr\/wp-json\/wp\/v2\/pages\/1192","targetHints":{"allow":["GET"]}}],"collection":[{"href":"https:\/\/www.keramiksymposium-roemhild.de\/ksr\/wp-json\/wp\/v2\/pages"}],"about":[{"href":"https:\/\/www.keramiksymposium-roemhild.de\/ksr\/wp-json\/wp\/v2\/types\/page"}],"author":[{"embeddable":true,"href":"https:\/\/www.keramiksymposium-roemhild.de\/ksr\/wp-json\/wp\/v2\/users\/4"}],"replies":[{"embeddable":true,"href":"https:\/\/www.keramiksymposium-roemhild.de\/ksr\/wp-json\/wp\/v2\/comments?post=1192"}],"version-history":[{"count":8,"href":"https:\/\/www.keramiksymposium-roemhild.de\/ksr\/wp-json\/wp\/v2\/pages\/1192\/revisions"}],"predecessor-version":[{"id":1299,"href":"https:\/\/www.keramiksymposium-roemhild.de\/ksr\/wp-json\/wp\/v2\/pages\/1192\/revisions\/1299"}],"up":[{"embeddable":true,"href":"https:\/\/www.keramiksymposium-roemhild.de\/ksr\/wp-json\/wp\/v2\/pages\/481"}],"wp:attachment":[{"href":"https:\/\/www.keramiksymposium-roemhild.de\/ksr\/wp-json\/wp\/v2\/media?parent=1192"}],"curies":[{"name":"wp","href":"https:\/\/api.w.org\/{rel}","templated":true}]}}