{"id":1153,"date":"2021-04-03T12:38:59","date_gmt":"2021-04-03T10:38:59","guid":{"rendered":"https:\/\/www.keramiksymposium-roemhild.de\/ksr\/?page_id=1153"},"modified":"2024-07-18T14:12:31","modified_gmt":"2024-07-18T12:12:31","slug":"2021-keramikstadt-roemhild","status":"publish","type":"page","link":"https:\/\/www.keramiksymposium-roemhild.de\/ksr\/veranstaltungen-und-maerkte\/2021-keramikstadt-roemhild\/","title":{"rendered":"Die Keramikstadt R\u00f6mhild als Museum"},"content":{"rendered":"<p>In der R\u00f6mhilder Stadt hat sich in den letzten Jahren eine beeindruckende, f\u00fcr jedermann zug\u00e4ngliche Keramikausstellung etabliert.<br \/>Pr\u00e4sentiert werden Werke von Teilnehmern der letzten Internationalen Keramiksymposien, die 2008, 2011, 2015, 2018 und 2022 in R\u00f6mhild auf Schloss Gl\u00fccksburg stattfanden.<br \/>Der F\u00f6rderverein &#8222;Internationales Keramiksymposium R\u00f6mhild&#8220; e. V. gestaltet nicht mehr genutzte Schaufenster in der Stadt R\u00f6mhild zu einer jeweils einem K\u00fcnstler gewidmeten kleinen Ausstellung.\u00a0<\/p>\n<p>Zudem werden in der Glasvitrine auf dem neu gestalteten Viehmarkt in R\u00f6mhild aktuelle Werke an zentraler Stelle pr\u00e4sentiert.<\/p>\n<p>In der Galerie Richard neben der Schaut\u00f6pferei Markus Weingarten sind ebenfalls Exponate zu sehen.<\/p>\n<p>Quelle aller Fotos: Verein<img loading=\"lazy\" decoding=\"async\" class=\"alignnone size-large wp-image-1175\" src=\"https:\/\/www.keramiksymposium-roemhild.de\/ksr\/wp-content\/uploads\/2103-Schaufenster1-1024x768.jpg\" alt=\"\" width=\"1024\" height=\"768\" srcset=\"https:\/\/www.keramiksymposium-roemhild.de\/ksr\/wp-content\/uploads\/2103-Schaufenster1-1024x768.jpg 1024w, https:\/\/www.keramiksymposium-roemhild.de\/ksr\/wp-content\/uploads\/2103-Schaufenster1-300x225.jpg 300w, https:\/\/www.keramiksymposium-roemhild.de\/ksr\/wp-content\/uploads\/2103-Schaufenster1-768x576.jpg 768w, https:\/\/www.keramiksymposium-roemhild.de\/ksr\/wp-content\/uploads\/2103-Schaufenster1-1365x1024.jpg 1365w, https:\/\/www.keramiksymposium-roemhild.de\/ksr\/wp-content\/uploads\/2103-Schaufenster1-618x464.jpg 618w, https:\/\/www.keramiksymposium-roemhild.de\/ksr\/wp-content\/uploads\/2103-Schaufenster1-138x104.jpg 138w, https:\/\/www.keramiksymposium-roemhild.de\/ksr\/wp-content\/uploads\/2103-Schaufenster1-444x333.jpg 444w\" sizes=\"auto, (max-width: 1024px) 100vw, 1024px\" \/><\/p>\n<p><img loading=\"lazy\" decoding=\"async\" class=\"alignnone size-large wp-image-1179\" src=\"https:\/\/www.keramiksymposium-roemhild.de\/ksr\/wp-content\/uploads\/2103-Schaufenster2-1024x768.jpg\" alt=\"\" width=\"1024\" height=\"768\" srcset=\"https:\/\/www.keramiksymposium-roemhild.de\/ksr\/wp-content\/uploads\/2103-Schaufenster2-1024x768.jpg 1024w, https:\/\/www.keramiksymposium-roemhild.de\/ksr\/wp-content\/uploads\/2103-Schaufenster2-300x225.jpg 300w, https:\/\/www.keramiksymposium-roemhild.de\/ksr\/wp-content\/uploads\/2103-Schaufenster2-768x576.jpg 768w, https:\/\/www.keramiksymposium-roemhild.de\/ksr\/wp-content\/uploads\/2103-Schaufenster2-1365x1024.jpg 1365w, https:\/\/www.keramiksymposium-roemhild.de\/ksr\/wp-content\/uploads\/2103-Schaufenster2-618x464.jpg 618w, https:\/\/www.keramiksymposium-roemhild.de\/ksr\/wp-content\/uploads\/2103-Schaufenster2-138x104.jpg 138w, https:\/\/www.keramiksymposium-roemhild.de\/ksr\/wp-content\/uploads\/2103-Schaufenster2-444x333.jpg 444w\" sizes=\"auto, (max-width: 1024px) 100vw, 1024px\" \/><\/p>\n<p><img loading=\"lazy\" decoding=\"async\" class=\"alignnone size-large wp-image-1182\" src=\"https:\/\/www.keramiksymposium-roemhild.de\/ksr\/wp-content\/uploads\/2103-Schaufenster-4-1024x768.jpg\" alt=\"\" width=\"1024\" height=\"768\" srcset=\"https:\/\/www.keramiksymposium-roemhild.de\/ksr\/wp-content\/uploads\/2103-Schaufenster-4-1024x768.jpg 1024w, https:\/\/www.keramiksymposium-roemhild.de\/ksr\/wp-content\/uploads\/2103-Schaufenster-4-300x225.jpg 300w, https:\/\/www.keramiksymposium-roemhild.de\/ksr\/wp-content\/uploads\/2103-Schaufenster-4-768x576.jpg 768w, https:\/\/www.keramiksymposium-roemhild.de\/ksr\/wp-content\/uploads\/2103-Schaufenster-4-1365x1024.jpg 1365w, https:\/\/www.keramiksymposium-roemhild.de\/ksr\/wp-content\/uploads\/2103-Schaufenster-4-618x464.jpg 618w, https:\/\/www.keramiksymposium-roemhild.de\/ksr\/wp-content\/uploads\/2103-Schaufenster-4-138x104.jpg 138w, https:\/\/www.keramiksymposium-roemhild.de\/ksr\/wp-content\/uploads\/2103-Schaufenster-4-444x333.jpg 444w\" sizes=\"auto, (max-width: 1024px) 100vw, 1024px\" \/><\/p>\n\n\n<figure class=\"wp-block-image size-large\"><img loading=\"lazy\" decoding=\"async\" width=\"768\" height=\"1024\" src=\"https:\/\/www.keramiksymposium-roemhild.de\/ksr\/wp-content\/uploads\/IMG-20240711-WA0010-768x1024.jpg\" alt=\"\" class=\"wp-image-1386\" srcset=\"https:\/\/www.keramiksymposium-roemhild.de\/ksr\/wp-content\/uploads\/IMG-20240711-WA0010-768x1024.jpg 768w, https:\/\/www.keramiksymposium-roemhild.de\/ksr\/wp-content\/uploads\/IMG-20240711-WA0010-225x300.jpg 225w, https:\/\/www.keramiksymposium-roemhild.de\/ksr\/wp-content\/uploads\/IMG-20240711-WA0010-1152x1536.jpg 1152w, https:\/\/www.keramiksymposium-roemhild.de\/ksr\/wp-content\/uploads\/IMG-20240711-WA0010-618x824.jpg 618w, https:\/\/www.keramiksymposium-roemhild.de\/ksr\/wp-content\/uploads\/IMG-20240711-WA0010-333x444.jpg 333w, https:\/\/www.keramiksymposium-roemhild.de\/ksr\/wp-content\/uploads\/IMG-20240711-WA0010.jpg 1500w\" sizes=\"auto, (max-width: 768px) 100vw, 768px\" \/><\/figure>\n\n\n\n<figure class=\"wp-block-image size-large\"><img loading=\"lazy\" decoding=\"async\" width=\"768\" height=\"1024\" src=\"https:\/\/www.keramiksymposium-roemhild.de\/ksr\/wp-content\/uploads\/IMG-20240711-WA0012-768x1024.jpg\" alt=\"\" class=\"wp-image-1388\" srcset=\"https:\/\/www.keramiksymposium-roemhild.de\/ksr\/wp-content\/uploads\/IMG-20240711-WA0012-768x1024.jpg 768w, https:\/\/www.keramiksymposium-roemhild.de\/ksr\/wp-content\/uploads\/IMG-20240711-WA0012-225x300.jpg 225w, https:\/\/www.keramiksymposium-roemhild.de\/ksr\/wp-content\/uploads\/IMG-20240711-WA0012-1152x1536.jpg 1152w, https:\/\/www.keramiksymposium-roemhild.de\/ksr\/wp-content\/uploads\/IMG-20240711-WA0012-618x824.jpg 618w, https:\/\/www.keramiksymposium-roemhild.de\/ksr\/wp-content\/uploads\/IMG-20240711-WA0012-333x444.jpg 333w, https:\/\/www.keramiksymposium-roemhild.de\/ksr\/wp-content\/uploads\/IMG-20240711-WA0012.jpg 1500w\" sizes=\"auto, (max-width: 768px) 100vw, 768px\" \/><figcaption class=\"wp-element-caption\">Schauvitrine auf dem Viehmarkt<\/figcaption><\/figure>\n\n\n\n<figure class=\"wp-block-image size-large\"><img loading=\"lazy\" decoding=\"async\" width=\"768\" height=\"1024\" src=\"https:\/\/www.keramiksymposium-roemhild.de\/ksr\/wp-content\/uploads\/IMG-20240718-WA0001-768x1024.jpg\" alt=\"&quot;Die Wahrheit&quot;, Galerie Richard\" class=\"wp-image-1390\" srcset=\"https:\/\/www.keramiksymposium-roemhild.de\/ksr\/wp-content\/uploads\/IMG-20240718-WA0001-768x1024.jpg 768w, https:\/\/www.keramiksymposium-roemhild.de\/ksr\/wp-content\/uploads\/IMG-20240718-WA0001-225x300.jpg 225w, https:\/\/www.keramiksymposium-roemhild.de\/ksr\/wp-content\/uploads\/IMG-20240718-WA0001-1152x1536.jpg 1152w, https:\/\/www.keramiksymposium-roemhild.de\/ksr\/wp-content\/uploads\/IMG-20240718-WA0001-618x824.jpg 618w, https:\/\/www.keramiksymposium-roemhild.de\/ksr\/wp-content\/uploads\/IMG-20240718-WA0001-333x444.jpg 333w, https:\/\/www.keramiksymposium-roemhild.de\/ksr\/wp-content\/uploads\/IMG-20240718-WA0001.jpg 1500w\" sizes=\"auto, (max-width: 768px) 100vw, 768px\" \/><figcaption class=\"wp-element-caption\">&#8222;Die Wahrheit&#8220;, Galerie Richard bei der T\u00f6pferei Weingarten<\/figcaption><\/figure>\n\n\n\n<p><\/p>\n","protected":false},"excerpt":{"rendered":"<p>In der R\u00f6mhilder Stadt hat sich in den letzten Jahren eine beeindruckende, f\u00fcr jedermann zug\u00e4ngliche Keramikausstellung etabliert.Pr\u00e4sentiert werden Werke von Teilnehmern der letzten Internationalen Keramiksymposien, die 2008, 2011, 2015, 2018 und 2022 in R\u00f6mhild auf Schloss Gl\u00fccksburg stattfanden.Der F\u00f6rderverein &#8222;Internationales Keramiksymposium R\u00f6mhild&#8220; e. V. gestaltet nicht mehr genutzte Schaufenster in der Stadt R\u00f6mhild zu einer [&hellip;]<\/p>\n","protected":false},"author":4,"featured_media":0,"parent":8,"menu_order":0,"comment_status":"closed","ping_status":"closed","template":"","meta":{"footnotes":""},"class_list":["post-1153","page","type-page","status-publish","hentry"],"jetpack_sharing_enabled":true,"_links":{"self":[{"href":"https:\/\/www.keramiksymposium-roemhild.de\/ksr\/wp-json\/wp\/v2\/pages\/1153","targetHints":{"allow":["GET"]}}],"collection":[{"href":"https:\/\/www.keramiksymposium-roemhild.de\/ksr\/wp-json\/wp\/v2\/pages"}],"about":[{"href":"https:\/\/www.keramiksymposium-roemhild.de\/ksr\/wp-json\/wp\/v2\/types\/page"}],"author":[{"embeddable":true,"href":"https:\/\/www.keramiksymposium-roemhild.de\/ksr\/wp-json\/wp\/v2\/users\/4"}],"replies":[{"embeddable":true,"href":"https:\/\/www.keramiksymposium-roemhild.de\/ksr\/wp-json\/wp\/v2\/comments?post=1153"}],"version-history":[{"count":11,"href":"https:\/\/www.keramiksymposium-roemhild.de\/ksr\/wp-json\/wp\/v2\/pages\/1153\/revisions"}],"predecessor-version":[{"id":1413,"href":"https:\/\/www.keramiksymposium-roemhild.de\/ksr\/wp-json\/wp\/v2\/pages\/1153\/revisions\/1413"}],"up":[{"embeddable":true,"href":"https:\/\/www.keramiksymposium-roemhild.de\/ksr\/wp-json\/wp\/v2\/pages\/8"}],"wp:attachment":[{"href":"https:\/\/www.keramiksymposium-roemhild.de\/ksr\/wp-json\/wp\/v2\/media?parent=1153"}],"curies":[{"name":"wp","href":"https:\/\/api.w.org\/{rel}","templated":true}]}}