{"id":1143,"date":"2021-04-03T12:23:41","date_gmt":"2021-04-03T10:23:41","guid":{"rendered":"https:\/\/www.keramiksymposium-roemhild.de\/ksr\/?page_id=1143"},"modified":"2024-07-18T14:14:38","modified_gmt":"2024-07-18T12:14:38","slug":"2020-schloss-gluecksburg","status":"publish","type":"page","link":"https:\/\/www.keramiksymposium-roemhild.de\/ksr\/veranstaltungen-und-maerkte\/2020-schloss-gluecksburg\/","title":{"rendered":"R\u00fcstsaal Schloss Gl\u00fccksburg R\u00f6mhild"},"content":{"rendered":"\n<p>Im R\u00fcstsaal auf Schloss Gl\u00fccksburg in R\u00f6mhild k\u00f6nnen seit 2019 ausgew\u00e4hlte Werke aus den Internationalen Keramiksymposien R\u00f6mhild von 2008 bis 2022 besichtigt werden.<\/p>\n\n\n\n<figure class=\"wp-block-image\"><img loading=\"lazy\" decoding=\"async\" width=\"505\" height=\"1024\" src=\"https:\/\/www.keramiksymposium-roemhild.de\/ksr\/wp-content\/uploads\/IMG-20190427-WA0005-505x1024.jpg\" alt=\"\" class=\"wp-image-785\" srcset=\"https:\/\/www.keramiksymposium-roemhild.de\/ksr\/wp-content\/uploads\/IMG-20190427-WA0005-505x1024.jpg 505w, https:\/\/www.keramiksymposium-roemhild.de\/ksr\/wp-content\/uploads\/IMG-20190427-WA0005-148x300.jpg 148w, https:\/\/www.keramiksymposium-roemhild.de\/ksr\/wp-content\/uploads\/IMG-20190427-WA0005-768x1558.jpg 768w, https:\/\/www.keramiksymposium-roemhild.de\/ksr\/wp-content\/uploads\/IMG-20190427-WA0005-618x1254.jpg 618w, https:\/\/www.keramiksymposium-roemhild.de\/ksr\/wp-content\/uploads\/IMG-20190427-WA0005-219x444.jpg 219w, https:\/\/www.keramiksymposium-roemhild.de\/ksr\/wp-content\/uploads\/IMG-20190427-WA0005.jpg 788w\" sizes=\"auto, (max-width: 505px) 100vw, 505px\" \/><\/figure>\n\n\n\n<figure class=\"wp-block-image size-large\"><img loading=\"lazy\" decoding=\"async\" width=\"768\" height=\"1024\" src=\"https:\/\/www.keramiksymposium-roemhild.de\/ksr\/wp-content\/uploads\/IMG-20240718-WA0004-768x1024.jpg\" alt=\"\" class=\"wp-image-1393\" srcset=\"https:\/\/www.keramiksymposium-roemhild.de\/ksr\/wp-content\/uploads\/IMG-20240718-WA0004-768x1024.jpg 768w, https:\/\/www.keramiksymposium-roemhild.de\/ksr\/wp-content\/uploads\/IMG-20240718-WA0004-225x300.jpg 225w, https:\/\/www.keramiksymposium-roemhild.de\/ksr\/wp-content\/uploads\/IMG-20240718-WA0004-1152x1536.jpg 1152w, https:\/\/www.keramiksymposium-roemhild.de\/ksr\/wp-content\/uploads\/IMG-20240718-WA0004-618x824.jpg 618w, https:\/\/www.keramiksymposium-roemhild.de\/ksr\/wp-content\/uploads\/IMG-20240718-WA0004-333x444.jpg 333w, https:\/\/www.keramiksymposium-roemhild.de\/ksr\/wp-content\/uploads\/IMG-20240718-WA0004.jpg 1500w\" sizes=\"auto, (max-width: 768px) 100vw, 768px\" \/><\/figure>\n\n\n\n<figure class=\"wp-block-gallery has-nested-images columns-default is-cropped wp-block-gallery-1 is-layout-flex wp-block-gallery-is-layout-flex\">\n<figure class=\"wp-block-image size-large\"><img loading=\"lazy\" decoding=\"async\" width=\"768\" height=\"1024\" data-id=\"1403\" src=\"https:\/\/www.keramiksymposium-roemhild.de\/ksr\/wp-content\/uploads\/IMG-20240718-WA0014-768x1024.jpg\" alt=\"\" class=\"wp-image-1403\" srcset=\"https:\/\/www.keramiksymposium-roemhild.de\/ksr\/wp-content\/uploads\/IMG-20240718-WA0014-768x1024.jpg 768w, https:\/\/www.keramiksymposium-roemhild.de\/ksr\/wp-content\/uploads\/IMG-20240718-WA0014-225x300.jpg 225w, https:\/\/www.keramiksymposium-roemhild.de\/ksr\/wp-content\/uploads\/IMG-20240718-WA0014-1152x1536.jpg 1152w, https:\/\/www.keramiksymposium-roemhild.de\/ksr\/wp-content\/uploads\/IMG-20240718-WA0014-618x824.jpg 618w, https:\/\/www.keramiksymposium-roemhild.de\/ksr\/wp-content\/uploads\/IMG-20240718-WA0014-333x444.jpg 333w, https:\/\/www.keramiksymposium-roemhild.de\/ksr\/wp-content\/uploads\/IMG-20240718-WA0014.jpg 1500w\" sizes=\"auto, (max-width: 768px) 100vw, 768px\" \/><\/figure>\n\n\n\n<figure class=\"wp-block-image size-large\"><img loading=\"lazy\" decoding=\"async\" width=\"768\" height=\"1024\" data-id=\"1401\" src=\"https:\/\/www.keramiksymposium-roemhild.de\/ksr\/wp-content\/uploads\/IMG-20240718-WA0012-768x1024.jpg\" alt=\"\" class=\"wp-image-1401\" srcset=\"https:\/\/www.keramiksymposium-roemhild.de\/ksr\/wp-content\/uploads\/IMG-20240718-WA0012-768x1024.jpg 768w, https:\/\/www.keramiksymposium-roemhild.de\/ksr\/wp-content\/uploads\/IMG-20240718-WA0012-225x300.jpg 225w, https:\/\/www.keramiksymposium-roemhild.de\/ksr\/wp-content\/uploads\/IMG-20240718-WA0012-1152x1536.jpg 1152w, https:\/\/www.keramiksymposium-roemhild.de\/ksr\/wp-content\/uploads\/IMG-20240718-WA0012-618x824.jpg 618w, https:\/\/www.keramiksymposium-roemhild.de\/ksr\/wp-content\/uploads\/IMG-20240718-WA0012-333x444.jpg 333w, https:\/\/www.keramiksymposium-roemhild.de\/ksr\/wp-content\/uploads\/IMG-20240718-WA0012.jpg 1500w\" sizes=\"auto, (max-width: 768px) 100vw, 768px\" \/><\/figure>\n\n\n\n<figure class=\"wp-block-image size-large\"><img loading=\"lazy\" decoding=\"async\" width=\"768\" height=\"1024\" data-id=\"1402\" src=\"https:\/\/www.keramiksymposium-roemhild.de\/ksr\/wp-content\/uploads\/IMG-20240718-WA0013-768x1024.jpg\" alt=\"\" class=\"wp-image-1402\" srcset=\"https:\/\/www.keramiksymposium-roemhild.de\/ksr\/wp-content\/uploads\/IMG-20240718-WA0013-768x1024.jpg 768w, https:\/\/www.keramiksymposium-roemhild.de\/ksr\/wp-content\/uploads\/IMG-20240718-WA0013-225x300.jpg 225w, https:\/\/www.keramiksymposium-roemhild.de\/ksr\/wp-content\/uploads\/IMG-20240718-WA0013-1152x1536.jpg 1152w, https:\/\/www.keramiksymposium-roemhild.de\/ksr\/wp-content\/uploads\/IMG-20240718-WA0013-618x824.jpg 618w, https:\/\/www.keramiksymposium-roemhild.de\/ksr\/wp-content\/uploads\/IMG-20240718-WA0013-333x444.jpg 333w, https:\/\/www.keramiksymposium-roemhild.de\/ksr\/wp-content\/uploads\/IMG-20240718-WA0013.jpg 1500w\" sizes=\"auto, (max-width: 768px) 100vw, 768px\" \/><\/figure>\n\n\n\n<figure class=\"wp-block-image size-large\"><img loading=\"lazy\" decoding=\"async\" width=\"768\" height=\"1024\" data-id=\"1400\" src=\"https:\/\/www.keramiksymposium-roemhild.de\/ksr\/wp-content\/uploads\/IMG-20240718-WA0011-768x1024.jpg\" alt=\"\" class=\"wp-image-1400\" srcset=\"https:\/\/www.keramiksymposium-roemhild.de\/ksr\/wp-content\/uploads\/IMG-20240718-WA0011-768x1024.jpg 768w, https:\/\/www.keramiksymposium-roemhild.de\/ksr\/wp-content\/uploads\/IMG-20240718-WA0011-225x300.jpg 225w, https:\/\/www.keramiksymposium-roemhild.de\/ksr\/wp-content\/uploads\/IMG-20240718-WA0011-1152x1536.jpg 1152w, https:\/\/www.keramiksymposium-roemhild.de\/ksr\/wp-content\/uploads\/IMG-20240718-WA0011-618x824.jpg 618w, https:\/\/www.keramiksymposium-roemhild.de\/ksr\/wp-content\/uploads\/IMG-20240718-WA0011-333x444.jpg 333w, https:\/\/www.keramiksymposium-roemhild.de\/ksr\/wp-content\/uploads\/IMG-20240718-WA0011.jpg 1500w\" sizes=\"auto, (max-width: 768px) 100vw, 768px\" \/><\/figure>\n\n\n\n<figure class=\"wp-block-image size-large\"><img loading=\"lazy\" decoding=\"async\" width=\"768\" height=\"1024\" data-id=\"1399\" src=\"https:\/\/www.keramiksymposium-roemhild.de\/ksr\/wp-content\/uploads\/IMG-20240718-WA0010-768x1024.jpg\" alt=\"\" class=\"wp-image-1399\" srcset=\"https:\/\/www.keramiksymposium-roemhild.de\/ksr\/wp-content\/uploads\/IMG-20240718-WA0010-768x1024.jpg 768w, https:\/\/www.keramiksymposium-roemhild.de\/ksr\/wp-content\/uploads\/IMG-20240718-WA0010-225x300.jpg 225w, https:\/\/www.keramiksymposium-roemhild.de\/ksr\/wp-content\/uploads\/IMG-20240718-WA0010-1152x1536.jpg 1152w, https:\/\/www.keramiksymposium-roemhild.de\/ksr\/wp-content\/uploads\/IMG-20240718-WA0010-618x824.jpg 618w, https:\/\/www.keramiksymposium-roemhild.de\/ksr\/wp-content\/uploads\/IMG-20240718-WA0010-333x444.jpg 333w, https:\/\/www.keramiksymposium-roemhild.de\/ksr\/wp-content\/uploads\/IMG-20240718-WA0010.jpg 1500w\" sizes=\"auto, (max-width: 768px) 100vw, 768px\" \/><\/figure>\n\n\n\n<figure class=\"wp-block-image size-large\"><img loading=\"lazy\" decoding=\"async\" width=\"768\" height=\"1024\" data-id=\"1398\" src=\"https:\/\/www.keramiksymposium-roemhild.de\/ksr\/wp-content\/uploads\/IMG-20240718-WA0009-768x1024.jpg\" alt=\"\" class=\"wp-image-1398\" srcset=\"https:\/\/www.keramiksymposium-roemhild.de\/ksr\/wp-content\/uploads\/IMG-20240718-WA0009-768x1024.jpg 768w, https:\/\/www.keramiksymposium-roemhild.de\/ksr\/wp-content\/uploads\/IMG-20240718-WA0009-225x300.jpg 225w, https:\/\/www.keramiksymposium-roemhild.de\/ksr\/wp-content\/uploads\/IMG-20240718-WA0009-1152x1536.jpg 1152w, https:\/\/www.keramiksymposium-roemhild.de\/ksr\/wp-content\/uploads\/IMG-20240718-WA0009-618x824.jpg 618w, https:\/\/www.keramiksymposium-roemhild.de\/ksr\/wp-content\/uploads\/IMG-20240718-WA0009-333x444.jpg 333w, https:\/\/www.keramiksymposium-roemhild.de\/ksr\/wp-content\/uploads\/IMG-20240718-WA0009.jpg 1500w\" sizes=\"auto, (max-width: 768px) 100vw, 768px\" \/><\/figure>\n\n\n\n<figure class=\"wp-block-image size-large\"><img loading=\"lazy\" decoding=\"async\" width=\"768\" height=\"1024\" data-id=\"1397\" src=\"https:\/\/www.keramiksymposium-roemhild.de\/ksr\/wp-content\/uploads\/IMG-20240718-WA0008-768x1024.jpg\" alt=\"\" class=\"wp-image-1397\" srcset=\"https:\/\/www.keramiksymposium-roemhild.de\/ksr\/wp-content\/uploads\/IMG-20240718-WA0008-768x1024.jpg 768w, https:\/\/www.keramiksymposium-roemhild.de\/ksr\/wp-content\/uploads\/IMG-20240718-WA0008-225x300.jpg 225w, https:\/\/www.keramiksymposium-roemhild.de\/ksr\/wp-content\/uploads\/IMG-20240718-WA0008-1152x1536.jpg 1152w, https:\/\/www.keramiksymposium-roemhild.de\/ksr\/wp-content\/uploads\/IMG-20240718-WA0008-618x824.jpg 618w, https:\/\/www.keramiksymposium-roemhild.de\/ksr\/wp-content\/uploads\/IMG-20240718-WA0008-333x444.jpg 333w, https:\/\/www.keramiksymposium-roemhild.de\/ksr\/wp-content\/uploads\/IMG-20240718-WA0008.jpg 1500w\" sizes=\"auto, (max-width: 768px) 100vw, 768px\" \/><\/figure>\n\n\n\n<figure class=\"wp-block-image size-large\"><img loading=\"lazy\" decoding=\"async\" width=\"768\" height=\"1024\" data-id=\"1396\" src=\"https:\/\/www.keramiksymposium-roemhild.de\/ksr\/wp-content\/uploads\/IMG-20240718-WA0007-768x1024.jpg\" alt=\"\" class=\"wp-image-1396\" srcset=\"https:\/\/www.keramiksymposium-roemhild.de\/ksr\/wp-content\/uploads\/IMG-20240718-WA0007-768x1024.jpg 768w, https:\/\/www.keramiksymposium-roemhild.de\/ksr\/wp-content\/uploads\/IMG-20240718-WA0007-225x300.jpg 225w, https:\/\/www.keramiksymposium-roemhild.de\/ksr\/wp-content\/uploads\/IMG-20240718-WA0007-1152x1536.jpg 1152w, https:\/\/www.keramiksymposium-roemhild.de\/ksr\/wp-content\/uploads\/IMG-20240718-WA0007-618x824.jpg 618w, https:\/\/www.keramiksymposium-roemhild.de\/ksr\/wp-content\/uploads\/IMG-20240718-WA0007-333x444.jpg 333w, https:\/\/www.keramiksymposium-roemhild.de\/ksr\/wp-content\/uploads\/IMG-20240718-WA0007.jpg 1500w\" sizes=\"auto, (max-width: 768px) 100vw, 768px\" \/><\/figure>\n\n\n\n<figure class=\"wp-block-image size-large\"><img loading=\"lazy\" decoding=\"async\" width=\"768\" height=\"1024\" data-id=\"1392\" src=\"https:\/\/www.keramiksymposium-roemhild.de\/ksr\/wp-content\/uploads\/IMG-20240718-WA0003-768x1024.jpg\" alt=\"\" class=\"wp-image-1392\" srcset=\"https:\/\/www.keramiksymposium-roemhild.de\/ksr\/wp-content\/uploads\/IMG-20240718-WA0003-768x1024.jpg 768w, https:\/\/www.keramiksymposium-roemhild.de\/ksr\/wp-content\/uploads\/IMG-20240718-WA0003-225x300.jpg 225w, https:\/\/www.keramiksymposium-roemhild.de\/ksr\/wp-content\/uploads\/IMG-20240718-WA0003-1152x1536.jpg 1152w, https:\/\/www.keramiksymposium-roemhild.de\/ksr\/wp-content\/uploads\/IMG-20240718-WA0003-618x824.jpg 618w, https:\/\/www.keramiksymposium-roemhild.de\/ksr\/wp-content\/uploads\/IMG-20240718-WA0003-333x444.jpg 333w, https:\/\/www.keramiksymposium-roemhild.de\/ksr\/wp-content\/uploads\/IMG-20240718-WA0003.jpg 1500w\" sizes=\"auto, (max-width: 768px) 100vw, 768px\" \/><\/figure>\n\n\n\n<figure class=\"wp-block-image size-large\"><img loading=\"lazy\" decoding=\"async\" width=\"768\" height=\"1024\" data-id=\"1391\" src=\"https:\/\/www.keramiksymposium-roemhild.de\/ksr\/wp-content\/uploads\/IMG-20240718-WA0002-768x1024.jpg\" alt=\"\" class=\"wp-image-1391\" srcset=\"https:\/\/www.keramiksymposium-roemhild.de\/ksr\/wp-content\/uploads\/IMG-20240718-WA0002-768x1024.jpg 768w, https:\/\/www.keramiksymposium-roemhild.de\/ksr\/wp-content\/uploads\/IMG-20240718-WA0002-225x300.jpg 225w, https:\/\/www.keramiksymposium-roemhild.de\/ksr\/wp-content\/uploads\/IMG-20240718-WA0002-1152x1536.jpg 1152w, https:\/\/www.keramiksymposium-roemhild.de\/ksr\/wp-content\/uploads\/IMG-20240718-WA0002-618x824.jpg 618w, https:\/\/www.keramiksymposium-roemhild.de\/ksr\/wp-content\/uploads\/IMG-20240718-WA0002-333x444.jpg 333w, https:\/\/www.keramiksymposium-roemhild.de\/ksr\/wp-content\/uploads\/IMG-20240718-WA0002.jpg 1500w\" sizes=\"auto, (max-width: 768px) 100vw, 768px\" \/><\/figure>\n<\/figure>\n","protected":false},"excerpt":{"rendered":"<p>Im R\u00fcstsaal auf Schloss Gl\u00fccksburg in R\u00f6mhild k\u00f6nnen seit 2019 ausgew\u00e4hlte Werke aus den Internationalen Keramiksymposien R\u00f6mhild von 2008 bis 2022 besichtigt werden.<\/p>\n","protected":false},"author":4,"featured_media":0,"parent":8,"menu_order":0,"comment_status":"closed","ping_status":"closed","template":"","meta":{"footnotes":""},"class_list":["post-1143","page","type-page","status-publish","hentry"],"jetpack_sharing_enabled":true,"_links":{"self":[{"href":"https:\/\/www.keramiksymposium-roemhild.de\/ksr\/wp-json\/wp\/v2\/pages\/1143","targetHints":{"allow":["GET"]}}],"collection":[{"href":"https:\/\/www.keramiksymposium-roemhild.de\/ksr\/wp-json\/wp\/v2\/pages"}],"about":[{"href":"https:\/\/www.keramiksymposium-roemhild.de\/ksr\/wp-json\/wp\/v2\/types\/page"}],"author":[{"embeddable":true,"href":"https:\/\/www.keramiksymposium-roemhild.de\/ksr\/wp-json\/wp\/v2\/users\/4"}],"replies":[{"embeddable":true,"href":"https:\/\/www.keramiksymposium-roemhild.de\/ksr\/wp-json\/wp\/v2\/comments?post=1143"}],"version-history":[{"count":5,"href":"https:\/\/www.keramiksymposium-roemhild.de\/ksr\/wp-json\/wp\/v2\/pages\/1143\/revisions"}],"predecessor-version":[{"id":1414,"href":"https:\/\/www.keramiksymposium-roemhild.de\/ksr\/wp-json\/wp\/v2\/pages\/1143\/revisions\/1414"}],"up":[{"embeddable":true,"href":"https:\/\/www.keramiksymposium-roemhild.de\/ksr\/wp-json\/wp\/v2\/pages\/8"}],"wp:attachment":[{"href":"https:\/\/www.keramiksymposium-roemhild.de\/ksr\/wp-json\/wp\/v2\/media?parent=1143"}],"curies":[{"name":"wp","href":"https:\/\/api.w.org\/{rel}","templated":true}]}}